{"id":493,"date":"2021-04-08T10:18:02","date_gmt":"2021-04-08T10:18:02","guid":{"rendered":"https:\/\/designsirin.com\/treballs-en-ferro-acer-inoxidable-y-alumini\/"},"modified":"2024-04-17T08:55:12","modified_gmt":"2024-04-17T08:55:12","slug":"treballs-en-ferro-acer-inoxidable-y-alumini","status":"publish","type":"page","link":"https:\/\/designsirin.com\/es\/","title":{"rendered":"Inicio"},"content":{"rendered":"<div class=\"wpb-content-wrapper\"><p>[vc_row][vc_column width=\u00bb1\/12&#8243;][\/vc_column][vc_column width=\u00bb10\/12&#8243;][vc_column_text]<\/p>\n<h1 style=\"text-align: center;\">Cu\u00e9ntanos tu proyecto,<br \/>\nnosotros lo haremos realidad!<\/h1>\n<p style=\"text-align: center;\">Si tienes un proyecto en mente que incluya <strong>hierro<\/strong>, <strong>acero<\/strong> <strong>inoxidable<\/strong> o <strong>aluminio<\/strong>, te podemos ayudar.<br \/>\nDesde <span style=\"color: #3dab9e;\"><strong>Designs Sirin<\/strong><\/span> nos podemos hacer cargo de todo o s\u00f3lo de la parte donde tengas carencias, tanto si eres\u00a0<a href=\"https:\/\/designsirin.com\/es\/profesionales\/\"><span style=\"color: #3dab9e;\"><strong>profesional<\/strong> <\/span><\/a>como <a href=\"https:\/\/designsirin.com\/es\/particulares\/\"><span style=\"color: #3dab9e;\"><strong>particular<\/strong><\/span><\/a>.<br \/>\nMateriales de calidad, buenos precios y fechas de entrega garantizadas, ni sabemos ni queremos trabajar de otro modo.<\/p>\n<p>[\/vc_column_text][\/vc_column][vc_column width=\u00bb1\/12&#8243;][\/vc_column][\/vc_row][vc_row disable_element=\u00bbyes\u00bb][vc_column width=\u00bb1\/6&#8243;][\/vc_column][vc_column css_animation=\u00bbnone\u00bb width=\u00bb2\/3&#8243;]<style type=\"text\/css\" data-type=\"the7_shortcodes-inline-css\">.shortcode-single-image-wrap.shortcode-single-image-e3a47123795613300985b3cd27a70f9b.enable-bg-rollover .rollover i,\n.shortcode-single-image-wrap.shortcode-single-image-e3a47123795613300985b3cd27a70f9b.enable-bg-rollover .rollover-video i {\n  background: -webkit-linear-gradient();\n  background: linear-gradient();\n}\n.shortcode-single-image-wrap.shortcode-single-image-e3a47123795613300985b3cd27a70f9b .rollover-icon {\n  font-size: 32px;\n  color: #ffffff;\n  min-width: 44px;\n  min-height: 44px;\n  line-height: 44px;\n  border-radius: 100px;\n  border-style: solid;\n  border-width: 0px;\n}\n.dt-icon-bg-on.shortcode-single-image-wrap.shortcode-single-image-e3a47123795613300985b3cd27a70f9b .rollover-icon {\n  background: rgba(255,255,255,0.3);\n  box-shadow: none;\n}<\/style><div class=\"shortcode-single-image-wrap shortcode-single-image-e3a47123795613300985b3cd27a70f9b alignnone  enable-bg-rollover dt-icon-bg-off\" style=\"margin-top:0px; margin-bottom:0px; margin-left:0px; margin-right:0px; width:100px;\"><div class=\"shortcode-single-image\"><div class=\"fancy-media-wrap  layzr-bg\" style=\"\"><img decoding=\"async\" class=\"preload-me lazy-load aspect\" src=\"data:image\/svg+xml,%3Csvg%20xmlns%3D&#39;http%3A%2F%2Fwww.w3.org%2F2000%2Fsvg&#39;%20viewBox%3D&#39;0%200%20100%2020&#39;%2F%3E\" data-src=\"https:\/\/designsirin.com\/wp-content\/uploads\/2021\/04\/DISSENY-ARABE.svg\" data-srcset=\"https:\/\/designsirin.com\/wp-content\/uploads\/2021\/04\/DISSENY-ARABE.svg 100w\" loading=\"eager\" sizes=\"(max-width: 100px) 100vw, 100px\" width=\"100\" height=\"20\"  data-dt-location=\"https:\/\/designsirin.com\/es\/disseny-arabe\/\" style=\"--ratio: 100 \/ 20;\" alt=\"\" \/><\/div><\/div><\/div>[vc_empty_space][\/vc_column][vc_column width=\u00bb1\/6&#8243;][\/vc_column][\/vc_row][vc_row disable_element=\u00bbyes\u00bb][vc_column css_animation=\u00bbfadeInLeft\u00bb width=\u00bb1\/3&#8243;]<div tabindex=\"0\" class=\"ult-new-ib ult-ib-effect-style6  ult-ib-resp  \" data-min-width=\"768\" data-max-width=\"900\" style=\"background:#000000;\" data-opacity=\"0.9\" data-hover-opacity=\"0.4\" ><img decoding=\"async\" class=\"ult-new-ib-img\" style=\"opacity:0.9;\" alt=\"null\" src=\"https:\/\/designsirin.com\/wp-content\/uploads\/2021\/04\/Professionals2-1.jpg\"   \/><div id=\"interactive-banner-wrap-3338\" class=\"ult-new-ib-desc\" style=\"\"><h2 class=\"ult-new-ib-title ult-responsive\"  data-ultimate-target='#interactive-banner-wrap-3338 .ult-new-ib-title'  data-responsive-json-new='{\"font-size\":\"desktop:30px;\",\"line-height\":\"desktop:40px;\"}'  style=\"font-weight:bold;\">PROFESIONALES<\/h2><div class=\"ult-new-ib-content ult-responsive\"  data-ultimate-target='#interactive-banner-wrap-3338 .ult-new-ib-content'  data-responsive-json-new='{\"font-size\":\"desktop:18px;\",\"line-height\":\"desktop:17px;\"}'  style=\"font-weight:normal;\"><p>Soluciones para empresas industriales, constructores...<\/p><\/div><\/div><a class=\"ult-new-ib-link\" href=\"https:\/\/designsirin.com\/es\/profesionales\/\" title=\"Professionals\"  ><\/a><\/div>[\/vc_column][vc_column css_animation=\u00bbfadeInUp\u00bb width=\u00bb1\/3&#8243;]<div tabindex=\"0\" class=\"ult-new-ib ult-ib-effect-style6  ult-ib-resp  \" data-min-width=\"768\" data-max-width=\"900\" style=\"background:#000000;\" data-opacity=\"0.9\" data-hover-opacity=\"0.4\" ><img decoding=\"async\" class=\"ult-new-ib-img\" style=\"opacity:0.9;\" alt=\"null\" src=\"https:\/\/designsirin.com\/wp-content\/uploads\/2021\/04\/Particulars-1.jpg\"   \/><div id=\"interactive-banner-wrap-8853\" class=\"ult-new-ib-desc\" style=\"\"><h2 class=\"ult-new-ib-title ult-responsive\"  data-ultimate-target='#interactive-banner-wrap-8853 .ult-new-ib-title'  data-responsive-json-new='{\"font-size\":\"desktop:30px;\",\"line-height\":\"desktop:40px;\"}'  style=\"font-weight:bold;\">PARTICULARES<\/h2><div class=\"ult-new-ib-content ult-responsive\"  data-ultimate-target='#interactive-banner-wrap-8853 .ult-new-ib-content'  data-responsive-json-new='{\"font-size\":\"desktop:18px;\",\"line-height\":\"desktop:17px;\"}'  style=\"font-weight:normal;\"><p>Te ayudamos con cualquier necesidad que tengas relacionado con metal<\/p><\/div><\/div><a class=\"ult-new-ib-link\" href=\"https:\/\/designsirin.com\/es\/particulares\/\" title=\"Particulars\"  ><\/a><\/div>[\/vc_column][vc_column css_animation=\u00bbfadeInRight\u00bb width=\u00bb1\/3&#8243;]<div tabindex=\"0\" class=\"ult-new-ib ult-ib-effect-style6  ult-ib-resp  \" data-min-width=\"768\" data-max-width=\"900\" style=\"background:#000000;\" data-opacity=\"1\" data-hover-opacity=\"0.7\" ><img decoding=\"async\" class=\"ult-new-ib-img\" style=\"opacity:1;\" alt=\"null\" src=\"https:\/\/designsirin.com\/wp-content\/uploads\/2021\/04\/Especials.jpg\"   \/><div id=\"interactive-banner-wrap-5172\" class=\"ult-new-ib-desc\" style=\"\"><h2 class=\"ult-new-ib-title ult-responsive\"  data-ultimate-target='#interactive-banner-wrap-5172 .ult-new-ib-title'  data-responsive-json-new='{\"font-size\":\"desktop:30px;\",\"line-height\":\"desktop:40px;\"}'  style=\"font-weight:bold;\">DISE\u00d1O ESPECIAL<\/h2><div class=\"ult-new-ib-content ult-responsive\"  data-ultimate-target='#interactive-banner-wrap-5172 .ult-new-ib-content'  data-responsive-json-new='{\"font-size\":\"desktop:18px;\",\"line-height\":\"desktop:17px;\"}'  style=\"font-weight:normal;\"><p>Dise\u00f1o fusi\u00f3n de ra\u00edces andaluzas y cultura norte africana, te sorprender\u00e1!<\/p><\/div><\/div><a class=\"ult-new-ib-link\" href=\"https:\/\/designsirin.com\/es\/disenos-especiales\/\" title=\"Dissenys especials\"  ><\/a><\/div>[\/vc_column][\/vc_row][vc_row][vc_column width=\u00bb1\/6&#8243;][\/vc_column][vc_column css_animation=\u00bbnone\u00bb width=\u00bb2\/3&#8243;]<style type=\"text\/css\" data-type=\"the7_shortcodes-inline-css\">.shortcode-single-image-wrap.shortcode-single-image-e3a47123795613300985b3cd27a70f9b.enable-bg-rollover .rollover i,\n.shortcode-single-image-wrap.shortcode-single-image-e3a47123795613300985b3cd27a70f9b.enable-bg-rollover .rollover-video i {\n  background: -webkit-linear-gradient();\n  background: linear-gradient();\n}\n.shortcode-single-image-wrap.shortcode-single-image-e3a47123795613300985b3cd27a70f9b .rollover-icon {\n  font-size: 32px;\n  color: #ffffff;\n  min-width: 44px;\n  min-height: 44px;\n  line-height: 44px;\n  border-radius: 100px;\n  border-style: solid;\n  border-width: 0px;\n}\n.dt-icon-bg-on.shortcode-single-image-wrap.shortcode-single-image-e3a47123795613300985b3cd27a70f9b .rollover-icon {\n  background: rgba(255,255,255,0.3);\n  box-shadow: none;\n}<\/style><div class=\"shortcode-single-image-wrap shortcode-single-image-e3a47123795613300985b3cd27a70f9b alignnone  enable-bg-rollover dt-icon-bg-off\" style=\"margin-top:0px; margin-bottom:0px; margin-left:0px; margin-right:0px; width:100px;\"><div class=\"shortcode-single-image\"><div class=\"fancy-media-wrap  layzr-bg\" style=\"\"><img decoding=\"async\" class=\"preload-me lazy-load aspect\" src=\"data:image\/svg+xml,%3Csvg%20xmlns%3D&#39;http%3A%2F%2Fwww.w3.org%2F2000%2Fsvg&#39;%20viewBox%3D&#39;0%200%20100%2020&#39;%2F%3E\" data-src=\"https:\/\/designsirin.com\/wp-content\/uploads\/2021\/04\/DISSENY-ARABE.svg\" data-srcset=\"https:\/\/designsirin.com\/wp-content\/uploads\/2021\/04\/DISSENY-ARABE.svg 100w\" loading=\"eager\" sizes=\"(max-width: 100px) 100vw, 100px\" width=\"100\" height=\"20\"  data-dt-location=\"https:\/\/designsirin.com\/es\/disseny-arabe\/\" style=\"--ratio: 100 \/ 20;\" alt=\"\" \/><\/div><\/div><\/div>[vc_empty_space][\/vc_column][vc_column width=\u00bb1\/6&#8243;][\/vc_column][\/vc_row][vc_row][vc_column width=\u00bb1\/3&#8243;][\/vc_column][vc_column css_animation=\u00bbnone\u00bb width=\u00bb1\/3&#8243; css=\u00bb.vc_custom_1710935673198{padding-left: 75px !important;}\u00bb][vc_empty_space]<a href=\"https:\/\/designsirin.com\/es\/trabajos-realizados\" class=\"btn-shortcode dt-btn-l dt-btn default-btn-color default-btn-hover-color default-btn-bg-color default-btn-bg-hover-color Treballs realiitzats\" id=\"dt-btn-1\"><span>Trabajos realizados<\/span><\/a>[vc_empty_space][\/vc_column][vc_column width=\u00bb1\/3&#8243;][\/vc_column][\/vc_row][vc_row][vc_column offset=\u00bbvc_col-xs-12&#8243;]<style type=\"text\/css\" data-type=\"the7_shortcodes-inline-css\">.shortcode-single-image-wrap.shortcode-single-image-8fd3e950ed3bfe189cf3f7f81708cb0d.enable-bg-rollover .rollover i,\n.shortcode-single-image-wrap.shortcode-single-image-8fd3e950ed3bfe189cf3f7f81708cb0d.enable-bg-rollover .rollover-video i {\n  background: -webkit-linear-gradient();\n  background: linear-gradient();\n}\n.shortcode-single-image-wrap.shortcode-single-image-8fd3e950ed3bfe189cf3f7f81708cb0d .rollover-icon {\n  font-size: 32px;\n  color: #ffffff;\n  min-width: 44px;\n  min-height: 44px;\n  line-height: 44px;\n  border-radius: 100px;\n  border-style: solid;\n  border-width: 0px;\n}\n.dt-icon-bg-on.shortcode-single-image-wrap.shortcode-single-image-8fd3e950ed3bfe189cf3f7f81708cb0d .rollover-icon {\n  background: rgba(255,255,255,0.3);\n  box-shadow: none;\n}<\/style><div class=\"shortcode-single-image-wrap shortcode-single-image-8fd3e950ed3bfe189cf3f7f81708cb0d alignnone  vc_custom_1712240453602 enable-bg-rollover dt-icon-bg-off\" ><div class=\"shortcode-single-image\"><div class=\"fancy-media-wrap  layzr-bg\" style=\"\"><img fetchpriority=\"high\" decoding=\"async\" class=\"preload-me lazy-load aspect\" src=\"data:image\/svg+xml,%3Csvg%20xmlns%3D&#39;http%3A%2F%2Fwww.w3.org%2F2000%2Fsvg&#39;%20viewBox%3D&#39;0%200%20949%20400&#39;%2F%3E\" data-src=\"https:\/\/designsirin.com\/wp-content\/uploads\/2024\/04\/Maquinaria_Design_Sirin.jpg\" data-srcset=\"https:\/\/designsirin.com\/wp-content\/uploads\/2024\/04\/Maquinaria_Design_Sirin.jpg 949w\" loading=\"eager\" sizes=\"(max-width: 949px) 100vw, 949px\" width=\"949\" height=\"400\"  data-dt-location=\"https:\/\/designsirin.com\/es\/maquinaria_design_sirin\/\" style=\"--ratio: 949 \/ 400;\" alt=\"\" \/><\/div><\/div><\/div>[\/vc_column][\/vc_row][vc_row][vc_column][vc_empty_space][\/vc_column][\/vc_row]<\/p>\n<\/div>","protected":false},"excerpt":{"rendered":"<p>[vc_row][vc_column width=\u00bb1\/12&#8243;][\/vc_column][vc_column width=\u00bb10\/12&#8243;][vc_column_text] Cu\u00e9ntanos tu proyecto, nosotros lo haremos realidad! Si tienes un proyecto en mente que incluya hierro, acero inoxidable o aluminio, te podemos ayudar. Desde Designs Sirin nos podemos hacer cargo de todo o s\u00f3lo de la parte donde tengas carencias, tanto si eres\u00a0profesional como particular. Materiales de calidad, buenos precios y fechas&hellip;<\/p>\n","protected":false},"author":1,"featured_media":0,"parent":0,"menu_order":0,"comment_status":"closed","ping_status":"open","template":"template-microsite.php","meta":{"footnotes":""},"class_list":["post-493","page","type-page","status-publish","hentry","description-off"],"yoast_head":"<!-- This site is optimized with the Yoast SEO plugin v27.2 - https:\/\/yoast.com\/product\/yoast-seo-wordpress\/ -->\n<title>Inicio - Designs Sirin<\/title>\n<meta name=\"description\" content=\"Si tienes un proyecto en mente que incluya hierro, acero inoxidable o aluminio, te podemos ayudar.\" \/>\n<meta name=\"robots\" content=\"index, follow, max-snippet:-1, max-image-preview:large, max-video-preview:-1\" \/>\n<link rel=\"canonical\" href=\"https:\/\/designsirin.com\/es\/\" \/>\n<meta property=\"og:locale\" content=\"es_ES\" \/>\n<meta property=\"og:type\" content=\"article\" \/>\n<meta property=\"og:title\" content=\"Inicio - Designs Sirin\" \/>\n<meta property=\"og:description\" content=\"Si tienes un proyecto en mente que incluya hierro, acero inoxidable o aluminio, te podemos ayudar.\" \/>\n<meta property=\"og:url\" content=\"https:\/\/designsirin.com\/es\/\" \/>\n<meta property=\"og:site_name\" content=\"Designs Sirin\" \/>\n<meta property=\"article:modified_time\" content=\"2024-04-17T08:55:12+00:00\" \/>\n<meta name=\"twitter:card\" content=\"summary_large_image\" \/>\n<meta name=\"twitter:label1\" content=\"Tiempo de lectura\" \/>\n\t<meta name=\"twitter:data1\" content=\"1 minuto\" \/>\n<script type=\"application\/ld+json\" class=\"yoast-schema-graph\">{\"@context\":\"https:\/\/schema.org\",\"@graph\":[{\"@type\":\"WebPage\",\"@id\":\"https:\/\/designsirin.com\/es\/\",\"url\":\"https:\/\/designsirin.com\/es\/\",\"name\":\"Inicio - Designs Sirin\",\"isPartOf\":{\"@id\":\"https:\/\/designsirin.com\/#website\"},\"datePublished\":\"2021-04-08T10:18:02+00:00\",\"dateModified\":\"2024-04-17T08:55:12+00:00\",\"description\":\"Si tienes un proyecto en mente que incluya hierro, acero inoxidable o aluminio, te podemos ayudar.\",\"breadcrumb\":{\"@id\":\"https:\/\/designsirin.com\/es\/#breadcrumb\"},\"inLanguage\":\"es\",\"potentialAction\":[{\"@type\":\"ReadAction\",\"target\":[\"https:\/\/designsirin.com\/es\/\"]}]},{\"@type\":\"BreadcrumbList\",\"@id\":\"https:\/\/designsirin.com\/es\/#breadcrumb\",\"itemListElement\":[{\"@type\":\"ListItem\",\"position\":1,\"name\":\"Inici\",\"item\":\"https:\/\/designsirin.com\/es\/\"},{\"@type\":\"ListItem\",\"position\":2,\"name\":\"Inicio\"}]},{\"@type\":\"WebSite\",\"@id\":\"https:\/\/designsirin.com\/#website\",\"url\":\"https:\/\/designsirin.com\/\",\"name\":\"Designs Sirin\",\"description\":\"Solucions Met&agrave;l&middot;liques\",\"publisher\":{\"@id\":\"https:\/\/designsirin.com\/#organization\"},\"potentialAction\":[{\"@type\":\"SearchAction\",\"target\":{\"@type\":\"EntryPoint\",\"urlTemplate\":\"https:\/\/designsirin.com\/?s={search_term_string}\"},\"query-input\":{\"@type\":\"PropertyValueSpecification\",\"valueRequired\":true,\"valueName\":\"search_term_string\"}}],\"inLanguage\":\"es\"},{\"@type\":\"Organization\",\"@id\":\"https:\/\/designsirin.com\/#organization\",\"name\":\"Designs Sirin\",\"url\":\"https:\/\/designsirin.com\/\",\"logo\":{\"@type\":\"ImageObject\",\"inLanguage\":\"es\",\"@id\":\"https:\/\/designsirin.com\/#\/schema\/logo\/image\/\",\"url\":\"https:\/\/designsirin.com\/wp-content\/uploads\/2021\/04\/LogoSirin_p2.png\",\"contentUrl\":\"https:\/\/designsirin.com\/wp-content\/uploads\/2021\/04\/LogoSirin_p2.png\",\"width\":150,\"height\":150,\"caption\":\"Designs Sirin\"},\"image\":{\"@id\":\"https:\/\/designsirin.com\/#\/schema\/logo\/image\/\"}}]}<\/script>\n<!-- \/ Yoast SEO plugin. -->","yoast_head_json":{"title":"Inicio - Designs Sirin","description":"Si tienes un proyecto en mente que incluya hierro, acero inoxidable o aluminio, te podemos ayudar.","robots":{"index":"index","follow":"follow","max-snippet":"max-snippet:-1","max-image-preview":"max-image-preview:large","max-video-preview":"max-video-preview:-1"},"canonical":"https:\/\/designsirin.com\/es\/","og_locale":"es_ES","og_type":"article","og_title":"Inicio - Designs Sirin","og_description":"Si tienes un proyecto en mente que incluya hierro, acero inoxidable o aluminio, te podemos ayudar.","og_url":"https:\/\/designsirin.com\/es\/","og_site_name":"Designs Sirin","article_modified_time":"2024-04-17T08:55:12+00:00","twitter_card":"summary_large_image","twitter_misc":{"Tiempo de lectura":"1 minuto"},"schema":{"@context":"https:\/\/schema.org","@graph":[{"@type":"WebPage","@id":"https:\/\/designsirin.com\/es\/","url":"https:\/\/designsirin.com\/es\/","name":"Inicio - Designs Sirin","isPartOf":{"@id":"https:\/\/designsirin.com\/#website"},"datePublished":"2021-04-08T10:18:02+00:00","dateModified":"2024-04-17T08:55:12+00:00","description":"Si tienes un proyecto en mente que incluya hierro, acero inoxidable o aluminio, te podemos ayudar.","breadcrumb":{"@id":"https:\/\/designsirin.com\/es\/#breadcrumb"},"inLanguage":"es","potentialAction":[{"@type":"ReadAction","target":["https:\/\/designsirin.com\/es\/"]}]},{"@type":"BreadcrumbList","@id":"https:\/\/designsirin.com\/es\/#breadcrumb","itemListElement":[{"@type":"ListItem","position":1,"name":"Inici","item":"https:\/\/designsirin.com\/es\/"},{"@type":"ListItem","position":2,"name":"Inicio"}]},{"@type":"WebSite","@id":"https:\/\/designsirin.com\/#website","url":"https:\/\/designsirin.com\/","name":"Designs Sirin","description":"Solucions Met&agrave;l&middot;liques","publisher":{"@id":"https:\/\/designsirin.com\/#organization"},"potentialAction":[{"@type":"SearchAction","target":{"@type":"EntryPoint","urlTemplate":"https:\/\/designsirin.com\/?s={search_term_string}"},"query-input":{"@type":"PropertyValueSpecification","valueRequired":true,"valueName":"search_term_string"}}],"inLanguage":"es"},{"@type":"Organization","@id":"https:\/\/designsirin.com\/#organization","name":"Designs Sirin","url":"https:\/\/designsirin.com\/","logo":{"@type":"ImageObject","inLanguage":"es","@id":"https:\/\/designsirin.com\/#\/schema\/logo\/image\/","url":"https:\/\/designsirin.com\/wp-content\/uploads\/2021\/04\/LogoSirin_p2.png","contentUrl":"https:\/\/designsirin.com\/wp-content\/uploads\/2021\/04\/LogoSirin_p2.png","width":150,"height":150,"caption":"Designs Sirin"},"image":{"@id":"https:\/\/designsirin.com\/#\/schema\/logo\/image\/"}}]}},"_links":{"self":[{"href":"https:\/\/designsirin.com\/es\/wp-json\/wp\/v2\/pages\/493","targetHints":{"allow":["GET"]}}],"collection":[{"href":"https:\/\/designsirin.com\/es\/wp-json\/wp\/v2\/pages"}],"about":[{"href":"https:\/\/designsirin.com\/es\/wp-json\/wp\/v2\/types\/page"}],"author":[{"embeddable":true,"href":"https:\/\/designsirin.com\/es\/wp-json\/wp\/v2\/users\/1"}],"replies":[{"embeddable":true,"href":"https:\/\/designsirin.com\/es\/wp-json\/wp\/v2\/comments?post=493"}],"version-history":[{"count":13,"href":"https:\/\/designsirin.com\/es\/wp-json\/wp\/v2\/pages\/493\/revisions"}],"predecessor-version":[{"id":4612,"href":"https:\/\/designsirin.com\/es\/wp-json\/wp\/v2\/pages\/493\/revisions\/4612"}],"wp:attachment":[{"href":"https:\/\/designsirin.com\/es\/wp-json\/wp\/v2\/media?parent=493"}],"curies":[{"name":"wp","href":"https:\/\/api.w.org\/{rel}","templated":true}]}}