{"id":506,"date":"2021-04-09T09:22:51","date_gmt":"2021-04-09T09:22:51","guid":{"rendered":"https:\/\/designsirin.com\/qui-som\/"},"modified":"2024-04-17T08:51:16","modified_gmt":"2024-04-17T08:51:16","slug":"quien-somos","status":"publish","type":"page","link":"https:\/\/designsirin.com\/es\/quien-somos\/","title":{"rendered":"Qui\u00e9n somos"},"content":{"rendered":"<div class=\"wpb-content-wrapper\"><p>[vc_row][vc_column width=\u00bb1\/6&#8243;][\/vc_column][vc_column css_animation=\u00bbfadeIn\u00bb width=\u00bb2\/3&#8243; offset=\u00bbvc_hidden-xs\u00bb][vc_column_text]<\/p>\n<h2 style=\"text-align: center;\">\u00abLa recompensa del trabajo bien hecho,<\/h2>\n<h2 style=\"text-align: center;\">es la oportunidad de hacer m\u00e1s\u00bb<\/h2>\n<p style=\"text-align: right;\"><strong>Jonas Salk<\/strong><\/p>\n<p>[\/vc_column_text][\/vc_column][vc_column width=\u00bb1\/6&#8243;][\/vc_column][\/vc_row][vc_row][vc_column width=\u00bb1\/6&#8243;][\/vc_column][vc_column css_animation=\u00bbfadeIn\u00bb width=\u00bb2\/3&#8243; offset=\u00bbvc_hidden-lg vc_hidden-md vc_hidden-sm\u00bb][vc_column_text]<\/p>\n<h2 style=\"text-align: center;\">\u00abla recompensa<br \/>\ndel trabajo bien hecho,<\/h2>\n<h2 style=\"text-align: center;\">es la oportunidad de hacer m\u00e1s\u00bb<\/h2>\n<p style=\"text-align: right;\"><strong>Jonas Salk<\/strong><\/p>\n<p>[\/vc_column_text][\/vc_column][vc_column width=\u00bb1\/6&#8243;][\/vc_column][\/vc_row][vc_row][vc_column width=\u00bb1\/6&#8243;][\/vc_column][vc_column css_animation=\u00bbnone\u00bb width=\u00bb2\/3&#8243;]<style type=\"text\/css\" data-type=\"the7_shortcodes-inline-css\">.shortcode-single-image-wrap.shortcode-single-image-e3a47123795613300985b3cd27a70f9b.enable-bg-rollover .rollover i,\n.shortcode-single-image-wrap.shortcode-single-image-e3a47123795613300985b3cd27a70f9b.enable-bg-rollover .rollover-video i {\n  background: -webkit-linear-gradient();\n  background: linear-gradient();\n}\n.shortcode-single-image-wrap.shortcode-single-image-e3a47123795613300985b3cd27a70f9b .rollover-icon {\n  font-size: 32px;\n  color: #ffffff;\n  min-width: 44px;\n  min-height: 44px;\n  line-height: 44px;\n  border-radius: 100px;\n  border-style: solid;\n  border-width: 0px;\n}\n.dt-icon-bg-on.shortcode-single-image-wrap.shortcode-single-image-e3a47123795613300985b3cd27a70f9b .rollover-icon {\n  background: rgba(255,255,255,0.3);\n  box-shadow: none;\n}<\/style><div class=\"shortcode-single-image-wrap shortcode-single-image-e3a47123795613300985b3cd27a70f9b alignnone  enable-bg-rollover dt-icon-bg-off\" style=\"margin-top:0px; margin-bottom:0px; margin-left:0px; margin-right:0px; width:100px;\"><div class=\"shortcode-single-image\"><div class=\"fancy-media-wrap  layzr-bg\" style=\"\"><img decoding=\"async\" class=\"preload-me lazy-load aspect\" src=\"data:image\/svg+xml,%3Csvg%20xmlns%3D&#39;http%3A%2F%2Fwww.w3.org%2F2000%2Fsvg&#39;%20viewBox%3D&#39;0%200%20100%2020&#39;%2F%3E\" data-src=\"https:\/\/designsirin.com\/wp-content\/uploads\/2021\/04\/DISSENY-ARABE.svg\" data-srcset=\"https:\/\/designsirin.com\/wp-content\/uploads\/2021\/04\/DISSENY-ARABE.svg 100w\" loading=\"eager\" sizes=\"(max-width: 100px) 100vw, 100px\" width=\"100\" height=\"20\"  data-dt-location=\"https:\/\/designsirin.com\/es\/disseny-arabe\/\" style=\"--ratio: 100 \/ 20;\" alt=\"\" \/><\/div><\/div><\/div>[vc_empty_space][\/vc_column][vc_column width=\u00bb1\/6&#8243;][\/vc_column][\/vc_row][vc_row][vc_column][vc_column_text]<\/p>\n<p style=\"text-align: center;\">En<span style=\"color: #3dab9e;\"><strong> Designs Sirin<\/strong><\/span> somos expertos en el sector metal\u00fargico, estamos especializados en el dise\u00f1o y fabricaci\u00f3n de equipos y componentes met\u00e1licos tanto a nivel <a href=\"https:\/\/designsirin.com\/index.php\/professionals\/\"><span style=\"color: #3dab9e;\"><strong>profesional<\/strong> <\/span><\/a>como <a href=\"https:\/\/designsirin.com\/index.php\/particulars\/\"><span style=\"color: #3dab9e;\"><strong>particular<\/strong><\/span><\/a>.<\/p>\n<p style=\"text-align: center;\">Trabajamos tanto acero inoxidable, como hierro y aluminio, pudi\u00e9ndolos combinar su caso con alg\u00fan otro material, como por ejemplo la madera, para poder conseguir el resultado deseado por el cliente.<\/p>\n<p>[\/vc_column_text][vc_column_text css_animation=\u00bbfadeIn\u00bb]<\/p>\n<h3 style=\"text-align: center;\">Estructuras<br \/>\nChasis<br \/>\nDep\u00f3sitos<br \/>\nProtecciones<br \/>\nBancadas<br \/>\nPiezas para conjuntos<br \/>\nEtc &#8230;<\/h3>\n<p>[\/vc_column_text][vc_column_text]<\/p>\n<p style=\"text-align: center;\">Gracias a nuestra formaci\u00f3n y experiencia, nos podemos responsabilizar de los proyectos de manera integral dise\u00f1o, compra de material, fabricaci\u00f3n, transporte e instalaci\u00f3n.<\/p>\n<p>[\/vc_column_text][vc_column_text css_animation=\u00bbfadeIn\u00bb]<\/p>\n<h3 style=\"text-align: center;\">Dise\u00f1o mobiliario<br \/>\nEscaleras<br \/>\nBarandillas<br \/>\nPuertas<br \/>\nCanales de agua<br \/>\nVallas de jard\u00edn<br \/>\nPortales<br \/>\nEtc &#8230;<\/h3>\n<p>[\/vc_column_text][vc_column_text]<\/p>\n<p style=\"text-align: center;\">Te podemos ayudar en cualquier proyecto que tenga que ver con los materiales que trabajamos.<\/p>\n<p style=\"text-align: center;\">Tambi\u00e9n nos hemos especializado en un <a href=\"https:\/\/designsirin.com\/es\/disenos-especiales\/\"><span style=\"color: #3dab9e;\"><strong>dise\u00f1o \u00fanico<\/strong><\/span><\/a> fusi\u00f3n de ra\u00edces andaluzas y cultura norte africana que te sorprender\u00e1.<\/p>\n<p>[\/vc_column_text][\/vc_column][\/vc_row][vc_row][vc_column width=\u00bb1\/6&#8243;][\/vc_column][vc_column css_animation=\u00bbnone\u00bb width=\u00bb2\/3&#8243;]<style type=\"text\/css\" data-type=\"the7_shortcodes-inline-css\">.shortcode-single-image-wrap.shortcode-single-image-e3a47123795613300985b3cd27a70f9b.enable-bg-rollover .rollover i,\n.shortcode-single-image-wrap.shortcode-single-image-e3a47123795613300985b3cd27a70f9b.enable-bg-rollover .rollover-video i {\n  background: -webkit-linear-gradient();\n  background: linear-gradient();\n}\n.shortcode-single-image-wrap.shortcode-single-image-e3a47123795613300985b3cd27a70f9b .rollover-icon {\n  font-size: 32px;\n  color: #ffffff;\n  min-width: 44px;\n  min-height: 44px;\n  line-height: 44px;\n  border-radius: 100px;\n  border-style: solid;\n  border-width: 0px;\n}\n.dt-icon-bg-on.shortcode-single-image-wrap.shortcode-single-image-e3a47123795613300985b3cd27a70f9b .rollover-icon {\n  background: rgba(255,255,255,0.3);\n  box-shadow: none;\n}<\/style><div class=\"shortcode-single-image-wrap shortcode-single-image-e3a47123795613300985b3cd27a70f9b alignnone  enable-bg-rollover dt-icon-bg-off\" style=\"margin-top:0px; margin-bottom:0px; margin-left:0px; margin-right:0px; width:100px;\"><div class=\"shortcode-single-image\"><div class=\"fancy-media-wrap  layzr-bg\" style=\"\"><img decoding=\"async\" class=\"preload-me lazy-load aspect\" src=\"data:image\/svg+xml,%3Csvg%20xmlns%3D&#39;http%3A%2F%2Fwww.w3.org%2F2000%2Fsvg&#39;%20viewBox%3D&#39;0%200%20100%2020&#39;%2F%3E\" data-src=\"https:\/\/designsirin.com\/wp-content\/uploads\/2021\/04\/DISSENY-ARABE.svg\" data-srcset=\"https:\/\/designsirin.com\/wp-content\/uploads\/2021\/04\/DISSENY-ARABE.svg 100w\" loading=\"eager\" sizes=\"(max-width: 100px) 100vw, 100px\" width=\"100\" height=\"20\"  data-dt-location=\"https:\/\/designsirin.com\/es\/disseny-arabe\/\" style=\"--ratio: 100 \/ 20;\" alt=\"\" \/><\/div><\/div><\/div>[vc_empty_space][\/vc_column][vc_column width=\u00bb1\/6&#8243;][\/vc_column][\/vc_row][vc_row][vc_column css_animation=\u00bbfadeInLeft\u00bb width=\u00bb5\/12&#8243;]<style type=\"text\/css\" data-type=\"the7_shortcodes-inline-css\">.shortcode-single-image-wrap.shortcode-single-image-a09e69737d7f821d3f8bcc9a000ca8a1.enable-bg-rollover .rollover i,\n.shortcode-single-image-wrap.shortcode-single-image-a09e69737d7f821d3f8bcc9a000ca8a1.enable-bg-rollover .rollover-video i {\n  background: -webkit-linear-gradient();\n  background: linear-gradient();\n}\n.shortcode-single-image-wrap.shortcode-single-image-a09e69737d7f821d3f8bcc9a000ca8a1 .rollover-icon {\n  font-size: 32px;\n  color: #ffffff;\n  min-width: 44px;\n  min-height: 44px;\n  line-height: 44px;\n  border-radius: 100px;\n  border-style: solid;\n  border-width: 0px;\n}\n.dt-icon-bg-on.shortcode-single-image-wrap.shortcode-single-image-a09e69737d7f821d3f8bcc9a000ca8a1 .rollover-icon {\n  background: rgba(255,255,255,0.3);\n  box-shadow: none;\n}<\/style><div class=\"shortcode-single-image-wrap shortcode-single-image-a09e69737d7f821d3f8bcc9a000ca8a1 alignnone  enable-bg-rollover dt-icon-bg-off\" style=\"margin-top:0px; margin-bottom:0px; margin-left:0px; margin-right:0px; width:1000px;\"><div class=\"shortcode-single-image\"><div class=\"fancy-media-wrap  layzr-bg\" style=\"\"><img fetchpriority=\"high\" decoding=\"async\" class=\"preload-me lazy-load aspect\" src=\"data:image\/svg+xml,%3Csvg%20xmlns%3D&#39;http%3A%2F%2Fwww.w3.org%2F2000%2Fsvg&#39;%20viewBox%3D&#39;0%200%201000%20730&#39;%2F%3E\" data-src=\"https:\/\/designsirin.com\/wp-content\/uploads\/2021\/04\/Soufiane-1000x730.jpg\" data-srcset=\"https:\/\/designsirin.com\/wp-content\/uploads\/2021\/04\/Soufiane-1000x730.jpg 1000w, https:\/\/designsirin.com\/wp-content\/uploads\/2021\/04\/Soufiane-1338x976.jpg 1338w\" loading=\"eager\" sizes=\"(max-width: 1000px) 100vw, 1000px\" width=\"1000\" height=\"730\"  data-dt-location=\"https:\/\/designsirin.com\/es\/qui-som\/soufiane\/\" style=\"--ratio: 1000 \/ 730;\" alt=\"\" \/><\/div><\/div><\/div>[\/vc_column][vc_column width=\u00bb7\/12&#8243;][vc_column_text css=\u00bb\u00bb]<\/p>\n<h2>Soufian<\/h2>\n<p>Soy el m\u00e1ximo responsable de este nuevo proyecto, pero ya hace mucho tiempo que vivo el sector del metal. Durante este tiempo he podido trabajar en muchas de las vertientes del sector metal\u00fargico.<br \/>\nOficina t\u00e9cnica, Compras, Ventas, Almac\u00e9n, Transporte&#8230;<br \/>\nMis ganas de aprender me han llevado a ser un profesional muy polivalente, y eso, a\u00f1adido a las carencias que he visto en el sector, fue lo que me anim\u00f3 a crear <span style=\"color: #3dab9e;\"><strong><span class=\"hiddenSpellError\">Designs<\/span>\u00a0<span class=\"hiddenSpellError\">Sirin<\/span><\/strong><\/span>.[\/vc_column_text][\/vc_column][\/vc_row][vc_row][vc_column width=\u00bb1\/6&#8243;][\/vc_column][vc_column css_animation=\u00bbnone\u00bb width=\u00bb2\/3&#8243;]<style type=\"text\/css\" data-type=\"the7_shortcodes-inline-css\">.shortcode-single-image-wrap.shortcode-single-image-e3a47123795613300985b3cd27a70f9b.enable-bg-rollover .rollover i,\n.shortcode-single-image-wrap.shortcode-single-image-e3a47123795613300985b3cd27a70f9b.enable-bg-rollover .rollover-video i {\n  background: -webkit-linear-gradient();\n  background: linear-gradient();\n}\n.shortcode-single-image-wrap.shortcode-single-image-e3a47123795613300985b3cd27a70f9b .rollover-icon {\n  font-size: 32px;\n  color: #ffffff;\n  min-width: 44px;\n  min-height: 44px;\n  line-height: 44px;\n  border-radius: 100px;\n  border-style: solid;\n  border-width: 0px;\n}\n.dt-icon-bg-on.shortcode-single-image-wrap.shortcode-single-image-e3a47123795613300985b3cd27a70f9b .rollover-icon {\n  background: rgba(255,255,255,0.3);\n  box-shadow: none;\n}<\/style><div class=\"shortcode-single-image-wrap shortcode-single-image-e3a47123795613300985b3cd27a70f9b alignnone  enable-bg-rollover dt-icon-bg-off\" style=\"margin-top:0px; margin-bottom:0px; margin-left:0px; margin-right:0px; width:100px;\"><div class=\"shortcode-single-image\"><div class=\"fancy-media-wrap  layzr-bg\" style=\"\"><img decoding=\"async\" class=\"preload-me lazy-load aspect\" src=\"data:image\/svg+xml,%3Csvg%20xmlns%3D&#39;http%3A%2F%2Fwww.w3.org%2F2000%2Fsvg&#39;%20viewBox%3D&#39;0%200%20100%2020&#39;%2F%3E\" data-src=\"https:\/\/designsirin.com\/wp-content\/uploads\/2021\/04\/DISSENY-ARABE.svg\" data-srcset=\"https:\/\/designsirin.com\/wp-content\/uploads\/2021\/04\/DISSENY-ARABE.svg 100w\" loading=\"eager\" sizes=\"(max-width: 100px) 100vw, 100px\" width=\"100\" height=\"20\"  data-dt-location=\"https:\/\/designsirin.com\/es\/disseny-arabe\/\" style=\"--ratio: 100 \/ 20;\" alt=\"\" \/><\/div><\/div><\/div>[vc_empty_space][\/vc_column][vc_column width=\u00bb1\/6&#8243;][\/vc_column][\/vc_row]<\/p>\n<\/div>","protected":false},"excerpt":{"rendered":"<p>[vc_row][vc_column width=\u00bb1\/6&#8243;][\/vc_column][vc_column css_animation=\u00bbfadeIn\u00bb width=\u00bb2\/3&#8243; offset=\u00bbvc_hidden-xs\u00bb][vc_column_text] \u00abLa recompensa del trabajo bien hecho, es la oportunidad de hacer m\u00e1s\u00bb Jonas Salk [\/vc_column_text][\/vc_column][vc_column width=\u00bb1\/6&#8243;][\/vc_column][\/vc_row][vc_row][vc_column width=\u00bb1\/6&#8243;][\/vc_column][vc_column css_animation=\u00bbfadeIn\u00bb width=\u00bb2\/3&#8243; offset=\u00bbvc_hidden-lg vc_hidden-md vc_hidden-sm\u00bb][vc_column_text] \u00abla recompensa del trabajo bien hecho, es la oportunidad de hacer m\u00e1s\u00bb Jonas Salk [\/vc_column_text][\/vc_column][vc_column width=\u00bb1\/6&#8243;][\/vc_column][\/vc_row][vc_row][vc_column width=\u00bb1\/6&#8243;][\/vc_column][vc_column css_animation=\u00bbnone\u00bb width=\u00bb2\/3&#8243;][vc_empty_space][\/vc_column][vc_column width=\u00bb1\/6&#8243;][\/vc_column][\/vc_row][vc_row][vc_column][vc_column_text] En Designs Sirin somos expertos en el sector&hellip;<\/p>\n","protected":false},"author":1,"featured_media":0,"parent":0,"menu_order":0,"comment_status":"closed","ping_status":"closed","template":"","meta":{"footnotes":""},"class_list":["post-506","page","type-page","status-publish","hentry","description-off"],"yoast_head":"<!-- This site is optimized with the Yoast SEO plugin v27.3 - https:\/\/yoast.com\/product\/yoast-seo-wordpress\/ -->\n<title>Qui\u00e9n somos - Designs Sirin<\/title>\n<meta name=\"robots\" content=\"index, follow, max-snippet:-1, max-image-preview:large, max-video-preview:-1\" \/>\n<link rel=\"canonical\" href=\"https:\/\/designsirin.com\/es\/quien-somos\/\" \/>\n<meta property=\"og:locale\" content=\"es_ES\" \/>\n<meta property=\"og:type\" content=\"article\" \/>\n<meta property=\"og:title\" content=\"Qui\u00e9n somos - Designs Sirin\" \/>\n<meta property=\"og:description\" content=\"[vc_row][vc_column width=\u00bb1\/6&#8243;][\/vc_column][vc_column css_animation=\u00bbfadeIn\u00bb width=\u00bb2\/3&#8243; offset=\u00bbvc_hidden-xs\u00bb][vc_column_text] \u00abLa recompensa del trabajo bien hecho, es la oportunidad de hacer m\u00e1s\u00bb Jonas Salk [\/vc_column_text][\/vc_column][vc_column width=\u00bb1\/6&#8243;][\/vc_column][\/vc_row][vc_row][vc_column width=\u00bb1\/6&#8243;][\/vc_column][vc_column css_animation=\u00bbfadeIn\u00bb width=\u00bb2\/3&#8243; offset=\u00bbvc_hidden-lg vc_hidden-md vc_hidden-sm\u00bb][vc_column_text] \u00abla recompensa del trabajo bien hecho, es la oportunidad de hacer m\u00e1s\u00bb Jonas Salk [\/vc_column_text][\/vc_column][vc_column width=\u00bb1\/6&#8243;][\/vc_column][\/vc_row][vc_row][vc_column width=\u00bb1\/6&#8243;][\/vc_column][vc_column css_animation=\u00bbnone\u00bb width=\u00bb2\/3&#8243;][vc_empty_space][\/vc_column][vc_column width=\u00bb1\/6&#8243;][\/vc_column][\/vc_row][vc_row][vc_column][vc_column_text] En Designs Sirin somos expertos en el sector&hellip;\" \/>\n<meta property=\"og:url\" content=\"https:\/\/designsirin.com\/es\/quien-somos\/\" \/>\n<meta property=\"og:site_name\" content=\"Designs Sirin\" \/>\n<meta property=\"article:modified_time\" content=\"2024-04-17T08:51:16+00:00\" \/>\n<meta name=\"twitter:card\" content=\"summary_large_image\" \/>\n<meta name=\"twitter:label1\" content=\"Tiempo de lectura\" \/>\n\t<meta name=\"twitter:data1\" content=\"2 minutos\" \/>\n<script type=\"application\/ld+json\" class=\"yoast-schema-graph\">{\"@context\":\"https:\\\/\\\/schema.org\",\"@graph\":[{\"@type\":\"WebPage\",\"@id\":\"https:\\\/\\\/designsirin.com\\\/es\\\/quien-somos\\\/\",\"url\":\"https:\\\/\\\/designsirin.com\\\/es\\\/quien-somos\\\/\",\"name\":\"Qui\u00e9n somos - Designs Sirin\",\"isPartOf\":{\"@id\":\"https:\\\/\\\/designsirin.com\\\/#website\"},\"datePublished\":\"2021-04-09T09:22:51+00:00\",\"dateModified\":\"2024-04-17T08:51:16+00:00\",\"breadcrumb\":{\"@id\":\"https:\\\/\\\/designsirin.com\\\/es\\\/quien-somos\\\/#breadcrumb\"},\"inLanguage\":\"es\",\"potentialAction\":[{\"@type\":\"ReadAction\",\"target\":[\"https:\\\/\\\/designsirin.com\\\/es\\\/quien-somos\\\/\"]}]},{\"@type\":\"BreadcrumbList\",\"@id\":\"https:\\\/\\\/designsirin.com\\\/es\\\/quien-somos\\\/#breadcrumb\",\"itemListElement\":[{\"@type\":\"ListItem\",\"position\":1,\"name\":\"Inici\",\"item\":\"https:\\\/\\\/designsirin.com\\\/es\\\/\"},{\"@type\":\"ListItem\",\"position\":2,\"name\":\"Qui\u00e9n somos\"}]},{\"@type\":\"WebSite\",\"@id\":\"https:\\\/\\\/designsirin.com\\\/#website\",\"url\":\"https:\\\/\\\/designsirin.com\\\/\",\"name\":\"Designs Sirin\",\"description\":\"Solucions Met&agrave;l&middot;liques\",\"publisher\":{\"@id\":\"https:\\\/\\\/designsirin.com\\\/#organization\"},\"potentialAction\":[{\"@type\":\"SearchAction\",\"target\":{\"@type\":\"EntryPoint\",\"urlTemplate\":\"https:\\\/\\\/designsirin.com\\\/?s={search_term_string}\"},\"query-input\":{\"@type\":\"PropertyValueSpecification\",\"valueRequired\":true,\"valueName\":\"search_term_string\"}}],\"inLanguage\":\"es\"},{\"@type\":\"Organization\",\"@id\":\"https:\\\/\\\/designsirin.com\\\/#organization\",\"name\":\"Designs Sirin\",\"url\":\"https:\\\/\\\/designsirin.com\\\/\",\"logo\":{\"@type\":\"ImageObject\",\"inLanguage\":\"es\",\"@id\":\"https:\\\/\\\/designsirin.com\\\/#\\\/schema\\\/logo\\\/image\\\/\",\"url\":\"https:\\\/\\\/designsirin.com\\\/wp-content\\\/uploads\\\/2021\\\/04\\\/LogoSirin_p2.png\",\"contentUrl\":\"https:\\\/\\\/designsirin.com\\\/wp-content\\\/uploads\\\/2021\\\/04\\\/LogoSirin_p2.png\",\"width\":150,\"height\":150,\"caption\":\"Designs Sirin\"},\"image\":{\"@id\":\"https:\\\/\\\/designsirin.com\\\/#\\\/schema\\\/logo\\\/image\\\/\"}}]}<\/script>\n<!-- \/ Yoast SEO plugin. -->","yoast_head_json":{"title":"Qui\u00e9n somos - Designs Sirin","robots":{"index":"index","follow":"follow","max-snippet":"max-snippet:-1","max-image-preview":"max-image-preview:large","max-video-preview":"max-video-preview:-1"},"canonical":"https:\/\/designsirin.com\/es\/quien-somos\/","og_locale":"es_ES","og_type":"article","og_title":"Qui\u00e9n somos - Designs Sirin","og_description":"[vc_row][vc_column width=\u00bb1\/6&#8243;][\/vc_column][vc_column css_animation=\u00bbfadeIn\u00bb width=\u00bb2\/3&#8243; offset=\u00bbvc_hidden-xs\u00bb][vc_column_text] \u00abLa recompensa del trabajo bien hecho, es la oportunidad de hacer m\u00e1s\u00bb Jonas Salk [\/vc_column_text][\/vc_column][vc_column width=\u00bb1\/6&#8243;][\/vc_column][\/vc_row][vc_row][vc_column width=\u00bb1\/6&#8243;][\/vc_column][vc_column css_animation=\u00bbfadeIn\u00bb width=\u00bb2\/3&#8243; offset=\u00bbvc_hidden-lg vc_hidden-md vc_hidden-sm\u00bb][vc_column_text] \u00abla recompensa del trabajo bien hecho, es la oportunidad de hacer m\u00e1s\u00bb Jonas Salk [\/vc_column_text][\/vc_column][vc_column width=\u00bb1\/6&#8243;][\/vc_column][\/vc_row][vc_row][vc_column width=\u00bb1\/6&#8243;][\/vc_column][vc_column css_animation=\u00bbnone\u00bb width=\u00bb2\/3&#8243;][vc_empty_space][\/vc_column][vc_column width=\u00bb1\/6&#8243;][\/vc_column][\/vc_row][vc_row][vc_column][vc_column_text] En Designs Sirin somos expertos en el sector&hellip;","og_url":"https:\/\/designsirin.com\/es\/quien-somos\/","og_site_name":"Designs Sirin","article_modified_time":"2024-04-17T08:51:16+00:00","twitter_card":"summary_large_image","twitter_misc":{"Tiempo de lectura":"2 minutos"},"schema":{"@context":"https:\/\/schema.org","@graph":[{"@type":"WebPage","@id":"https:\/\/designsirin.com\/es\/quien-somos\/","url":"https:\/\/designsirin.com\/es\/quien-somos\/","name":"Qui\u00e9n somos - Designs Sirin","isPartOf":{"@id":"https:\/\/designsirin.com\/#website"},"datePublished":"2021-04-09T09:22:51+00:00","dateModified":"2024-04-17T08:51:16+00:00","breadcrumb":{"@id":"https:\/\/designsirin.com\/es\/quien-somos\/#breadcrumb"},"inLanguage":"es","potentialAction":[{"@type":"ReadAction","target":["https:\/\/designsirin.com\/es\/quien-somos\/"]}]},{"@type":"BreadcrumbList","@id":"https:\/\/designsirin.com\/es\/quien-somos\/#breadcrumb","itemListElement":[{"@type":"ListItem","position":1,"name":"Inici","item":"https:\/\/designsirin.com\/es\/"},{"@type":"ListItem","position":2,"name":"Qui\u00e9n somos"}]},{"@type":"WebSite","@id":"https:\/\/designsirin.com\/#website","url":"https:\/\/designsirin.com\/","name":"Designs Sirin","description":"Solucions Met&agrave;l&middot;liques","publisher":{"@id":"https:\/\/designsirin.com\/#organization"},"potentialAction":[{"@type":"SearchAction","target":{"@type":"EntryPoint","urlTemplate":"https:\/\/designsirin.com\/?s={search_term_string}"},"query-input":{"@type":"PropertyValueSpecification","valueRequired":true,"valueName":"search_term_string"}}],"inLanguage":"es"},{"@type":"Organization","@id":"https:\/\/designsirin.com\/#organization","name":"Designs Sirin","url":"https:\/\/designsirin.com\/","logo":{"@type":"ImageObject","inLanguage":"es","@id":"https:\/\/designsirin.com\/#\/schema\/logo\/image\/","url":"https:\/\/designsirin.com\/wp-content\/uploads\/2021\/04\/LogoSirin_p2.png","contentUrl":"https:\/\/designsirin.com\/wp-content\/uploads\/2021\/04\/LogoSirin_p2.png","width":150,"height":150,"caption":"Designs Sirin"},"image":{"@id":"https:\/\/designsirin.com\/#\/schema\/logo\/image\/"}}]}},"_links":{"self":[{"href":"https:\/\/designsirin.com\/es\/wp-json\/wp\/v2\/pages\/506","targetHints":{"allow":["GET"]}}],"collection":[{"href":"https:\/\/designsirin.com\/es\/wp-json\/wp\/v2\/pages"}],"about":[{"href":"https:\/\/designsirin.com\/es\/wp-json\/wp\/v2\/types\/page"}],"author":[{"embeddable":true,"href":"https:\/\/designsirin.com\/es\/wp-json\/wp\/v2\/users\/1"}],"replies":[{"embeddable":true,"href":"https:\/\/designsirin.com\/es\/wp-json\/wp\/v2\/comments?post=506"}],"version-history":[{"count":6,"href":"https:\/\/designsirin.com\/es\/wp-json\/wp\/v2\/pages\/506\/revisions"}],"predecessor-version":[{"id":4609,"href":"https:\/\/designsirin.com\/es\/wp-json\/wp\/v2\/pages\/506\/revisions\/4609"}],"wp:attachment":[{"href":"https:\/\/designsirin.com\/es\/wp-json\/wp\/v2\/media?parent=506"}],"curies":[{"name":"wp","href":"https:\/\/api.w.org\/{rel}","templated":true}]}}