{"id":497,"date":"2021-04-08T10:18:02","date_gmt":"2021-04-08T10:18:02","guid":{"rendered":"https:\/\/designsirin.com\/avis-legal-i-politica-de-privadesa\/"},"modified":"2021-05-25T16:45:02","modified_gmt":"2021-05-25T16:45:02","slug":"avis-juridique-et-politique-de-confidentialite","status":"publish","type":"page","link":"https:\/\/designsirin.com\/fr\/avis-juridique-et-politique-de-confidentialite\/","title":{"rendered":"Avis juridique et politique de confidentialit\u00e9"},"content":{"rendered":"<div class=\"wpb-content-wrapper\"><p>[vc_row][vc_column width=\u00a0\u00bb1\/6&Prime;][\/vc_column][vc_column width=\u00a0\u00bb2\/3&Prime;][vc_column_text]<\/p>\r\n<p><strong>0.OBJECTE I ACEPTACI\u00d3<\/strong><\/p>\r\n<p>El present av\u00eds legal regula l\u2019\u00fas i utilitzaci\u00f3 del lloc web <strong><a href=\"https:\/\/designsirin.com\">www.designsirin.com<\/a><\/strong> (en endavant, LA WEB), del que \u00e9s titular <strong>Soufian El Kahan Stitou<\/strong> (en endavant, EL PROPIETARI DE LA WEB).<\/p>\r\n<p>La navegaci\u00f3 pel lloc web de EL PROPIETARI DE LA WEB li atribueix la condici\u00f3 d\u2019usuari del mateix i comporta la seva acceptaci\u00f3 plena i sense reserves de totes i cadascuna de les condicions publicades en aquest av\u00eds legal, advertint que aquestes condicions podran ser modificades sense notificaci\u00f3 pr\u00e8via per part de EL PROPIETARI DE LA WEB, en aquest cas es procedir\u00e0 a la seva publicaci\u00f3 i av\u00eds amb la m\u00e0xima antelaci\u00f3 possible.<\/p>\r\n<p>Per aix\u00f2 \u00e9s recomanable llegir atentament el seu contingut en cas de desitjar accedir i fer \u00fas de la informaci\u00f3 i dels serveis oferts des d\u2019aquest lloc web.<\/p>\r\n<p>L\u2019usuari a m\u00e9s, s\u2019obliga a fer un \u00fas correcte del lloc web de conformitat amb les lleis, la bona fe, l\u2019ordre p\u00fablic, els usos del tr\u00e0fic i el present Av\u00eds Legal, i respondr\u00e0 enfront a EL PROPIETARI DE LA WEB o enfront a tercers, de qualsevols danys i perjudicis que pogu\u00e9ssin causar-se com a conseq\u00fc\u00e8ncia de l\u2019incompliment d\u2019aquesta obligaci\u00f3.<\/p>\r\n<p>Qualsevol utilitzaci\u00f3 diferent a l\u2019autoritzada est\u00e0 expressament prohibida, podent EL PROPIETARI DE LA WEB denegar o retirar l\u2019acc\u00e9s i el seu \u00fas en qualsevol moment.<\/p>\r\n<p><strong>1.IDENTIFICACI\u00d3 I COMUNICACI\u00d3<\/strong><\/p>\r\n<p>EL PROPIETARI DE LA WEB, en compliment de la Llei 34\/2002, d\u201911 de juliol, de Serveis de la Societat de la Informaci\u00f3 i de Comer\u00e7 Electr\u00f2nic, li informa que:<\/p>\r\n<p>\u2013 La seva denominaci\u00f3 social \u00e9s: <strong>SOUFIAN EL KAHAN STITOU<\/strong><\/p>\r\n<p>\u2013 El seu nom comercial \u00e9s: <strong>DESIGNS SIRIN<\/strong><\/p>\r\n<p>\u2013 El seu NIF \u00e9s: <strong>41642697R<\/strong><\/p>\r\n<p>\u2013 El seu domicili social est\u00e0 a: <strong>C\/ VERGE MARIA 25 2-3<\/strong><\/p>\r\n<p>Per a comunicar-se amb nosaltres, posem a la seva disposici\u00f3 diferents mitjans de contacte que detallem a continuaci\u00f3:<\/p>\r\n<p>Tel\u00e8fon: <strong>612 44 66 47<\/strong><\/p>\r\n<p>E-mail:\u00a0<strong>info@designsirin.com \u00a0<\/strong><\/p>\r\n<p>Totes les notificacions i comunicacions entre els usuaris i PROPIETARI DE LA WEB es consideraran eficaces, a tots els efectes, quan es realitzin a trav\u00e9s de qualsevol mitj\u00e0 dels detallats anteriorment.<\/p>\r\n<p><strong>\u00a02.CONDICIONS D\u2019ACC\u00c9S I UTILIZACI\u00d3<\/strong><\/p>\r\n<p>El lloc web i els seus serveis s\u00f3n d\u2019acc\u00e9s lliure i gratu\u00eft. No obstant, PROPIETARI DE LA WEB pot condicionar la utilitzaci\u00f3 d\u2019alguns dels serveis oferts a la seva web al previ emplenament del corresponent formulari.<\/p>\r\n<p>L\u2019usuari garanteix l\u2019autenticitat i actualitat de totes aquelles dades que comuniqui a PROPIETARI DE LA WEB i ser\u00e0 l\u2019\u00fanic responsable de les manifestacions falses o inexactes que realitzi.<\/p>\r\n<p>L\u2019usuari es compromet expressament a fer un \u00fas adequat dels continguts i serveis del PROPIETARI DE LA WEB i a no emprar-los per a, entre altres:<\/p>\r\n<ol>\r\n<li>Difondre continguts delictius, violents, pornogr\u00e0fics, racistes, xen\u00f2fobs, ofensius, d\u2019apologia del terrorisme o, en general, contraris a la llei o a l\u2019ordre p\u00fablic.<\/li>\r\n<li>Introduir a la xarxa virus inform\u00e0tics o realitzar actuacions susceptibles d\u2019alterar, espatllar, interrompre o generar errors o danys en els documents electr\u00f2nics, dades o sistemes f\u00edsics i l\u00f2gics de PROPIETARI DE LA WEB o de terceres persones; aix\u00ed com obstaculitzar l\u2019acc\u00e9s d\u2019altres usuaris al lloc web i als seus serveis mitjan\u00e7ant el consum massiu dels recursos inform\u00e0tics a trav\u00e9s dels quals PROPIETARI DE LA WEB presta els seus serveis.<\/li>\r\n<li>Intentar accedir als comptes de correu electr\u00f2nic d\u2019altres usuaris o a \u00e0rees restringides dels sistemes inform\u00e0tics de PROPIETARI DE LA WEB o de tercers i, en el seu cas, extreure informaci\u00f3.<\/li>\r\n<li>Vulnerar els drets de propietat intel\u00b7lectual o industrial, aix\u00ed com violar la confidencialitat de la informaci\u00f3 de PROPIETARI DE LA WEB o de tercers.<\/li>\r\n<li>Suplantar la identitat de qualsevol altre usuari.<\/li>\r\n<li>Reproduir, copiar, distribuir, posar a disposici\u00f3 de, o qualsevol altra forma de comunicaci\u00f3 p\u00fablica, transformar o modificar els continguts, tret que es compti amb l\u2019autoritzaci\u00f3 del titular dels corresponents drets o aix\u00f2 resulti legalment perm\u00e8s.<\/li>\r\n<li>Recollir dades amb finalitat publicit\u00e0ria i de remetre publicitat de qualsevol classe i comunicacions amb finalitats de venda o unes altres de naturalesa comercial sense que intervingui la seva pr\u00e8via sol\u00b7licitud o consentiment.<\/li>\r\n<\/ol>\r\n<p>Tots els continguts del lloc web, com textos, fotografies, gr\u00e0fics, imatges, icones, tecnologia, programari, aix\u00ed com el seu disseny gr\u00e0fic i codis font, constitueixen una obra la propietat de la qual pertany a PROPIETARI DE LA WEB, sense que puguin entendre\u2019s cedits a l\u2019usuari cap dels drets d\u2019explotaci\u00f3 sobre els mateixos m\u00e9s enll\u00e0 de l\u2019estrictament necessari per al correcte \u00fas de la web.<\/p>\r\n<p>En definitiva, els usuaris que accedeixin a aquest lloc web poden visualitzar els continguts i efectuar, si s\u2019escau, c\u00f2pies privades autoritzades sempre que els elements reprodu\u00efts no siguin cedits posteriorment a tercers, ni s\u2019instal\u00b7lin a servidors connectats a xarxes, ni siguin objecte de cap tipus d\u2019explotaci\u00f3.<\/p>\r\n<p>Aix\u00ed mateix, totes les marques, noms comercials o signes distintius de qualsevol classe que apareixen al lloc web s\u00f3n propietat de PROPIETARI DE LA WEB, sense que pugui entendre\u2019s que l\u2019\u00fas o acc\u00e9s al mateix atribueixi a l\u2019usuari dret algun sobre els mateixos.<\/p>\r\n<p>La distribuci\u00f3, modificaci\u00f3, cessi\u00f3 o comunicaci\u00f3 p\u00fablica dels continguts i qualsevol altre acte que no hagi estat expressament autoritzat pel titular dels drets d\u2019explotaci\u00f3 queden prohibits.<\/p>\r\n<p>L\u2019establiment d\u2019un hipervincle no implica en cap cas l\u2019exist\u00e8ncia de relacions entre PROPIETARI DE LA WEB i el propietari del lloc web en la qual s\u2019estableixi, ni l\u2019acceptaci\u00f3 i aprovaci\u00f3 per part de PROPIETARI DE LA WEB dels seus continguts o serveis.<\/p>\r\n<p>PROPIETARI DE LA WEB no es responsabilitza de l\u2019\u00fas que cada usuari li doni als materials posats a disposici\u00f3 en aquest lloc web ni de les actuacions que realitzi sobre la base dels mateixos.<\/p>\r\n<p><strong>\u00a03.EXCLUSI\u00d3 DE GARANTIES I DE RESPONSABILITAT<\/strong><\/p>\r\n<p>El contingut del present lloc web \u00e9s de car\u00e0cter general i t\u00e9 una finalitat merament informativa, sense que es garanteixi plenament l\u2019acc\u00e9s a tots els continguts, ni la seva exhaustivitat, correcci\u00f3, vig\u00e8ncia o actualitat, ni la seva idone\u00eftat o utilitat per a un objectiu espec\u00edfic.<\/p>\r\n<p>PROPIETARI DE LA WEB exclou, fins a on permet l\u2019ordenament jur\u00eddic, qualsevol responsabilitat pels danys i perjudicis de tota naturalesa derivats de:<\/p>\r\n<ol>\r\n<li>La impossibilitat d\u2019acc\u00e9s al lloc web o la falta de veracitat, exactitud, exhaustivitat i\/o actualitat dels continguts, aix\u00ed com l\u2019exist\u00e8ncia de vicis i defectes de tota classe dels continguts transmesos, difosos, emmagatzemats, posats a disposici\u00f3, als quals s\u2019hagi accedit a trav\u00e9s del lloc web o dels serveis que s\u2019ofereixen.<\/li>\r\n<li>La pres\u00e8ncia de virus o d\u2019altres elements en els continguts que puguin produir alteracions en els sistemes inform\u00e0tics, documents electr\u00f2nics o dades dels usuaris.<\/li>\r\n<li>L\u2019incompliment de les lleis, la bona fe, l\u2019ordre p\u00fablic, els usos del tr\u00e0fic i el present av\u00eds legal com a conseq\u00fc\u00e8ncia de l\u2019\u00fas incorrecte del lloc web. En particular, i a manera exemplificativa, PROPIETARI DE LA WEB no es fa responsable de les actuacions de tercers que vulnerin drets de propietat intel\u00b7lectual i industrial, secrets empresarials, drets a l\u2019honor, a la intimitat personal i familiar i a la pr\u00f2pia imatge, aix\u00ed com la normativa en mat\u00e8ria de compet\u00e8ncia deslleial i publicitat il\u00b7l\u00edcita.<\/li>\r\n<\/ol>\r\n<p>Aix\u00ed mateix, PROPIETARI DE LA WEB declina qualsevol responsabilitat respecte a la informaci\u00f3 que es trobi fora d\u2019aquesta web i no sigui gestionada directament pel nostre web m\u00e0ster (administrador del lloc web). La funci\u00f3 dels links que apareixen en aquesta web \u00e9s exclusivament la d\u2019informar a l\u2019usuari sobre l\u2019exist\u00e8ncia d\u2019altres fonts susceptibles d\u2019ampliar els continguts que ofereix aquest lloc web. PROPIETARI DE LA WEB no garanteix ni es responsabilitza del funcionament o accessibilitat dels llocs enlla\u00e7ats; ni suggereix, convida o recomana la visita als mateixos, per la qual cosa tampoc ser\u00e0 responsable del resultat obtingut. PROPIETARI DE LA WEB no es responsabilitza de l\u2019establiment d\u2019hipervincles per part de tercers.<\/p>\r\n<p><strong>\u00a04.POL\u00cdTICA DE PRIVACITAT<\/strong><\/p>\r\n<p>A continuaci\u00f3 li indiquem els detalls referits als diferents tractaments de dades personals que realitzem a Ludivers<\/p>\r\n<p><strong>4.1.<\/strong>\u00a0Tractament de les dades personals de potencials clients i contactes via web<\/p>\r\n<p><strong>4.1.1.<\/strong>\u00a0\u00a0\u00a0\u00a0 Informaci\u00f3 b\u00e0sica sobre Protecci\u00f3 de dades<\/p>\r\n<p><strong>Responsable:<\/strong>\u00a0<strong>Soufian El Kahan Stitou<\/strong><\/p>\r\n<p><strong>Finalitat:<\/strong>\u00a0Prestar els serveis sol\u00b7licitats, aix\u00ed com l\u2019enviament de comunicacions comercials i newsletters informatives.<\/p>\r\n<p><strong>Legitimaci\u00f3:<\/strong>\u00a0Execuci\u00f3 d\u2019un contracte.\u00a0 Consentiment de l\u2019interessat.<\/p>\r\n<p><strong>Destinataris:<\/strong>\u00a0No es cediran dades a tercers, llevat obligaci\u00f3 legal.<\/p>\r\n<p><strong>Drets:<\/strong>\u00a0T\u00e9 dret a accedir, rectificar i suprimir les dades, aix\u00ed com altres drets, indicats a la informaci\u00f3 addicional, que pot exercir dirigint-se a l\u2019adre\u00e7a del responsable del tractament a\u00a0<strong>info@designsirni.com<\/strong><\/p>\r\n<p><strong>4.1.2.\u00a0<\/strong>\u00a0\u00a0\u00a0 Informaci\u00f3 addicional sobre Protecci\u00f3 de dades<\/p>\r\n<p><strong>Qui \u00e9s el responsable del tractament de les seves dades?<\/strong><\/p>\r\n<p>Entitat:<strong> Soufian El Kahan Stitou<\/strong> \u2013 NIF: <strong>41642697R<\/strong><\/p>\r\n<p>Direcci\u00f3 postal: <strong>17430 STA. COLOMA DE FARNERS, GIRONA<\/strong><\/p>\r\n<p>Tel\u00e8fon: <strong>612 44 66 47<\/strong><\/p>\r\n<p>Correu electr\u00f2nic:\u00a0<strong>info@designsirni.com<\/strong><\/p>\r\n<p><strong>Amb quina finalitat tractem les seves dades personals?<\/strong><\/p>\r\n<p>A <strong>DESIGNS SIRIN <\/strong>tractem la informaci\u00f3 que ens faciliten les persones interessades amb la finalitat d\u2019atendre la seva sol\u00b7licitud i enviar-li comunicacions comercials, aix\u00ed com els nostres butlletins.<\/p>\r\n<p><strong>Durant quant de temps conservarem les seves dades?<\/strong><\/p>\r\n<p>Les dades es conservaran mentre l\u2019interessat no sol\u00b7liciti la seva supressi\u00f3.<\/p>\r\n<p><strong>Quina \u00e9s la legitimaci\u00f3 per al tractament de les seves dades?<\/strong><\/p>\r\n<p>Li indiquem la base legal per al tractament de les seves dades:<\/p>\r\n<p>\u2013 Execuci\u00f3 d\u2019un contracte: Prestaci\u00f3 dels serveis sol\u00b7licitats.<\/p>\r\n<p>\u2013 Consentiment de l\u2019interessat: Atendre la seva sol\u00b7licitud i enviar-li comunicacions comercials, aix\u00ed com els nostres butlletins.<\/p>\r\n<p><strong>A quins destinataris es comunicaran les seves dades?<\/strong><\/p>\r\n<p>Les seves dades no es comunicaran a terceres persones<\/p>\r\n<p><strong>Quins s\u00f3n els seus drets quan ens facilita les seves dades?<\/strong><\/p>\r\n<p>Qualsevol persona t\u00e9 dret a obtenir confirmaci\u00f3 sobre si a <strong>DESIGNS SIRNI<\/strong> estem tractant dades personals que els concerneixin, o no.<\/p>\r\n<p>Les persones interessades tenen dret a accedir a les seves dades personals, aix\u00ed com a sol\u00b7licitar la rectificaci\u00f3 de les dades inexactes o, en el seu cas, sol\u00b7licitar la seva supressi\u00f3 quan, entre altres motius, les dades ja no siguin necess\u00e0ries per a les finalitats per a qu\u00e8 van ser recollides.<\/p>\r\n<p>En determinades circumst\u00e0ncies, els interessats podran sol\u00b7licitar la limitaci\u00f3 del tractament de les seves dades, en aquest cas \u00fanicament les conservarem per a l\u2019exercici o la defensa de reclamacions. Aix\u00ed mateix, en els sup\u00f2sits legalment establerts, tindr\u00e0 dret a la portabilitat de les seves dades personals.<\/p>\r\n<p>En determinades circumst\u00e0ncies i per motius relacionats amb la seva situaci\u00f3 particular, els interessats podran oposar-se al tractament de les seves dades. En aquest cas, <strong>DESIGNS SIRNI<\/strong> deixar\u00e0 de tractar les dades, llevat per motius leg\u00edtims imperiosos, o l\u2019exercici o la defensa de possibles reclamacions.<\/p>\r\n<p>Podr\u00e0 exercitar materialment els seus drets de la seg\u00fcent forma: enviant un correu electr\u00f2nic a\u00a0<strong>info@designsirni.com<\/strong> o una carta a <strong>DESIGNS SIRIN<\/strong> \u2013 <strong>17430 STA. COLOMA DE FARNERS, GIRONA<\/strong><\/p>\r\n<p>Quan es realitzi l\u2019enviament de comunicacions comercials utilitzant com a base jur\u00eddica l\u2019inter\u00e8s leg\u00edtim del responsable, l\u2019interessat podr\u00e0 oposar-se al tractament de les seves dades amb aquesta fi.<\/p>\r\n<p>Si ha donat el seu consentiment per a alguna finalitat concreta, t\u00e9 dret a retirar el consentiment donat en qualsevol moment, sense que aix\u00f2 afecti a la licitud del tractament basat en el consentiment previ a la seva retirada.<\/p>\r\n<p>En cas de que senti vulnerats els seus drets pel que fa a la protecci\u00f3 de les seves dades personals, especialment quan no hagi obtingut satisfacci\u00f3 en l\u2019exercici dels seus drets, pot presentar una reclamaci\u00f3 davant l\u2019Autoritat de Control en mat\u00e8ria de Protecci\u00f3 de Dades competent a trav\u00e9s del seu lloc web:\u00a0<a href=\"http:\/\/www.agpd.es\/\">www.agpd.es<\/a>.<\/p>\r\n<p><strong>\u00a0PROCEDIMENT EN CAS DE REALITZACI\u00d3 D\u2019ACTIVITATS DE CAR\u00c0CTER IL\u00b7L\u00cdCIT<\/strong><\/p>\r\n<p>En el cas que qualsevol usuari o un tercer consideri que existeixen fets o circumst\u00e0ncies que revelin el car\u00e0cter il\u00b7l\u00edcit de la utilitzaci\u00f3 de qualsevol contingut i\/o de la realitzaci\u00f3 de qualsevol activitat a les p\u00e0gines web incloses o accessibles a trav\u00e9s del lloc web, haur\u00e0 d\u2019enviar una notificaci\u00f3 a PROPIETARI DE LA WEB identificant-se degudament i especificant les suposades infraccions i declarant expressament i sota la seva responsabilitat que la informaci\u00f3 proporcionada en la notificaci\u00f3 \u00e9s exacta.<\/p>\r\n<p>Per a tota q\u00fcesti\u00f3 litigiosa que incumbeixi al lloc web del PROPIETARI DE LA WEB, ser\u00e0 aplicable la legislaci\u00f3 espanyola, sent competents els Jutjats i Tribunals de Girona (Espa\u00f1a).<\/p>\r\n<p><strong>\u00a0PUBLICACIONS<\/strong><\/p>\r\n<p>La informaci\u00f3 administrativa facilitada a trav\u00e9s del lloc web no substitueix la publicitat legal de les lleis, normatives, plans, disposicions generals i actes que hagin de ser publicats formalment als diaris oficials de les administracions p\u00fabliques, que constitueixen l\u2019\u00fanic instrument que d\u00f3na fe de la seva autenticitat i contingut. La informaci\u00f3 disponible en aquest lloc web ha d\u2019entendre\u2019s com una guia sense prop\u00f2sit de validesa legal.<\/p>\r\n\r\n<p>&nbsp;<\/p>\r\n<p>[\/vc_column_text][\/vc_column][vc_column width=\u00a0\u00bb1\/6&Prime;][\/vc_column][\/vc_row]<\/p><\/div>","protected":false},"excerpt":{"rendered":"<p>[vc_row][vc_column width=\u00a0\u00bb1\/6&Prime;][\/vc_column][vc_column width=\u00a0\u00bb2\/3&Prime;][vc_column_text] 0.OBJECTE I ACEPTACI\u00d3 El present av\u00eds legal regula l\u2019\u00fas i utilitzaci\u00f3 del lloc web www.designsirin.com (en endavant, LA WEB), del que \u00e9s titular Soufian El Kahan Stitou (en endavant, EL PROPIETARI DE LA WEB). La navegaci\u00f3 pel lloc web de EL PROPIETARI DE LA WEB li atribueix la condici\u00f3 d\u2019usuari del mateix&hellip;<\/p>\n","protected":false},"author":1,"featured_media":0,"parent":0,"menu_order":0,"comment_status":"closed","ping_status":"open","template":"","meta":{"footnotes":""},"class_list":["post-497","page","type-page","status-publish","hentry","description-off"],"yoast_head":"<!-- This site is optimized with the Yoast SEO plugin v27.3 - https:\/\/yoast.com\/product\/yoast-seo-wordpress\/ -->\n<title>Avis juridique et politique de confidentialit\u00e9 - Designs Sirin<\/title>\n<meta name=\"robots\" content=\"index, follow, max-snippet:-1, max-image-preview:large, max-video-preview:-1\" \/>\n<link rel=\"canonical\" href=\"https:\/\/designsirin.com\/fr\/avis-juridique-et-politique-de-confidentialite\/\" \/>\n<meta property=\"og:locale\" content=\"fr_FR\" \/>\n<meta property=\"og:type\" content=\"article\" \/>\n<meta property=\"og:title\" content=\"Avis juridique et politique de confidentialit\u00e9 - Designs Sirin\" \/>\n<meta property=\"og:description\" content=\"[vc_row][vc_column width=\u00a0\u00bb1\/6&Prime;][\/vc_column][vc_column width=\u00a0\u00bb2\/3&Prime;][vc_column_text] 0.OBJECTE I ACEPTACI\u00d3 El present av\u00eds legal regula l\u2019\u00fas i utilitzaci\u00f3 del lloc web www.designsirin.com (en endavant, LA WEB), del que \u00e9s titular Soufian El Kahan Stitou (en endavant, EL PROPIETARI DE LA WEB). La navegaci\u00f3 pel lloc web de EL PROPIETARI DE LA WEB li atribueix la condici\u00f3 d\u2019usuari del mateix&hellip;\" \/>\n<meta property=\"og:url\" content=\"https:\/\/designsirin.com\/fr\/avis-juridique-et-politique-de-confidentialite\/\" \/>\n<meta property=\"og:site_name\" content=\"Designs Sirin\" \/>\n<meta property=\"article:modified_time\" content=\"2021-05-25T16:45:02+00:00\" \/>\n<meta name=\"twitter:card\" content=\"summary_large_image\" \/>\n<meta name=\"twitter:label1\" content=\"Dur\u00e9e de lecture estim\u00e9e\" \/>\n\t<meta name=\"twitter:data1\" content=\"11 minutes\" \/>\n<script type=\"application\/ld+json\" class=\"yoast-schema-graph\">{\"@context\":\"https:\\\/\\\/schema.org\",\"@graph\":[{\"@type\":\"WebPage\",\"@id\":\"https:\\\/\\\/designsirin.com\\\/fr\\\/avis-juridique-et-politique-de-confidentialite\\\/\",\"url\":\"https:\\\/\\\/designsirin.com\\\/fr\\\/avis-juridique-et-politique-de-confidentialite\\\/\",\"name\":\"Avis juridique et politique de confidentialit\u00e9 - Designs Sirin\",\"isPartOf\":{\"@id\":\"https:\\\/\\\/designsirin.com\\\/#website\"},\"datePublished\":\"2021-04-08T10:18:02+00:00\",\"dateModified\":\"2021-05-25T16:45:02+00:00\",\"breadcrumb\":{\"@id\":\"https:\\\/\\\/designsirin.com\\\/fr\\\/avis-juridique-et-politique-de-confidentialite\\\/#breadcrumb\"},\"inLanguage\":\"fr-FR\",\"potentialAction\":[{\"@type\":\"ReadAction\",\"target\":[\"https:\\\/\\\/designsirin.com\\\/fr\\\/avis-juridique-et-politique-de-confidentialite\\\/\"]}]},{\"@type\":\"BreadcrumbList\",\"@id\":\"https:\\\/\\\/designsirin.com\\\/fr\\\/avis-juridique-et-politique-de-confidentialite\\\/#breadcrumb\",\"itemListElement\":[{\"@type\":\"ListItem\",\"position\":1,\"name\":\"Inici\",\"item\":\"https:\\\/\\\/designsirin.com\\\/fr\\\/\"},{\"@type\":\"ListItem\",\"position\":2,\"name\":\"Avis juridique et politique de confidentialit\u00e9\"}]},{\"@type\":\"WebSite\",\"@id\":\"https:\\\/\\\/designsirin.com\\\/#website\",\"url\":\"https:\\\/\\\/designsirin.com\\\/\",\"name\":\"Designs Sirin\",\"description\":\"Solucions Met&agrave;l&middot;liques\",\"publisher\":{\"@id\":\"https:\\\/\\\/designsirin.com\\\/#organization\"},\"potentialAction\":[{\"@type\":\"SearchAction\",\"target\":{\"@type\":\"EntryPoint\",\"urlTemplate\":\"https:\\\/\\\/designsirin.com\\\/?s={search_term_string}\"},\"query-input\":{\"@type\":\"PropertyValueSpecification\",\"valueRequired\":true,\"valueName\":\"search_term_string\"}}],\"inLanguage\":\"fr-FR\"},{\"@type\":\"Organization\",\"@id\":\"https:\\\/\\\/designsirin.com\\\/#organization\",\"name\":\"Designs Sirin\",\"url\":\"https:\\\/\\\/designsirin.com\\\/\",\"logo\":{\"@type\":\"ImageObject\",\"inLanguage\":\"fr-FR\",\"@id\":\"https:\\\/\\\/designsirin.com\\\/#\\\/schema\\\/logo\\\/image\\\/\",\"url\":\"https:\\\/\\\/designsirin.com\\\/wp-content\\\/uploads\\\/2021\\\/04\\\/LogoSirin_p2.png\",\"contentUrl\":\"https:\\\/\\\/designsirin.com\\\/wp-content\\\/uploads\\\/2021\\\/04\\\/LogoSirin_p2.png\",\"width\":150,\"height\":150,\"caption\":\"Designs Sirin\"},\"image\":{\"@id\":\"https:\\\/\\\/designsirin.com\\\/#\\\/schema\\\/logo\\\/image\\\/\"}}]}<\/script>\n<!-- \/ Yoast SEO plugin. -->","yoast_head_json":{"title":"Avis juridique et politique de confidentialit\u00e9 - Designs Sirin","robots":{"index":"index","follow":"follow","max-snippet":"max-snippet:-1","max-image-preview":"max-image-preview:large","max-video-preview":"max-video-preview:-1"},"canonical":"https:\/\/designsirin.com\/fr\/avis-juridique-et-politique-de-confidentialite\/","og_locale":"fr_FR","og_type":"article","og_title":"Avis juridique et politique de confidentialit\u00e9 - Designs Sirin","og_description":"[vc_row][vc_column width=\u00a0\u00bb1\/6&Prime;][\/vc_column][vc_column width=\u00a0\u00bb2\/3&Prime;][vc_column_text] 0.OBJECTE I ACEPTACI\u00d3 El present av\u00eds legal regula l\u2019\u00fas i utilitzaci\u00f3 del lloc web www.designsirin.com (en endavant, LA WEB), del que \u00e9s titular Soufian El Kahan Stitou (en endavant, EL PROPIETARI DE LA WEB). La navegaci\u00f3 pel lloc web de EL PROPIETARI DE LA WEB li atribueix la condici\u00f3 d\u2019usuari del mateix&hellip;","og_url":"https:\/\/designsirin.com\/fr\/avis-juridique-et-politique-de-confidentialite\/","og_site_name":"Designs Sirin","article_modified_time":"2021-05-25T16:45:02+00:00","twitter_card":"summary_large_image","twitter_misc":{"Dur\u00e9e de lecture estim\u00e9e":"11 minutes"},"schema":{"@context":"https:\/\/schema.org","@graph":[{"@type":"WebPage","@id":"https:\/\/designsirin.com\/fr\/avis-juridique-et-politique-de-confidentialite\/","url":"https:\/\/designsirin.com\/fr\/avis-juridique-et-politique-de-confidentialite\/","name":"Avis juridique et politique de confidentialit\u00e9 - Designs Sirin","isPartOf":{"@id":"https:\/\/designsirin.com\/#website"},"datePublished":"2021-04-08T10:18:02+00:00","dateModified":"2021-05-25T16:45:02+00:00","breadcrumb":{"@id":"https:\/\/designsirin.com\/fr\/avis-juridique-et-politique-de-confidentialite\/#breadcrumb"},"inLanguage":"fr-FR","potentialAction":[{"@type":"ReadAction","target":["https:\/\/designsirin.com\/fr\/avis-juridique-et-politique-de-confidentialite\/"]}]},{"@type":"BreadcrumbList","@id":"https:\/\/designsirin.com\/fr\/avis-juridique-et-politique-de-confidentialite\/#breadcrumb","itemListElement":[{"@type":"ListItem","position":1,"name":"Inici","item":"https:\/\/designsirin.com\/fr\/"},{"@type":"ListItem","position":2,"name":"Avis juridique et politique de confidentialit\u00e9"}]},{"@type":"WebSite","@id":"https:\/\/designsirin.com\/#website","url":"https:\/\/designsirin.com\/","name":"Designs Sirin","description":"Solucions Met&agrave;l&middot;liques","publisher":{"@id":"https:\/\/designsirin.com\/#organization"},"potentialAction":[{"@type":"SearchAction","target":{"@type":"EntryPoint","urlTemplate":"https:\/\/designsirin.com\/?s={search_term_string}"},"query-input":{"@type":"PropertyValueSpecification","valueRequired":true,"valueName":"search_term_string"}}],"inLanguage":"fr-FR"},{"@type":"Organization","@id":"https:\/\/designsirin.com\/#organization","name":"Designs Sirin","url":"https:\/\/designsirin.com\/","logo":{"@type":"ImageObject","inLanguage":"fr-FR","@id":"https:\/\/designsirin.com\/#\/schema\/logo\/image\/","url":"https:\/\/designsirin.com\/wp-content\/uploads\/2021\/04\/LogoSirin_p2.png","contentUrl":"https:\/\/designsirin.com\/wp-content\/uploads\/2021\/04\/LogoSirin_p2.png","width":150,"height":150,"caption":"Designs Sirin"},"image":{"@id":"https:\/\/designsirin.com\/#\/schema\/logo\/image\/"}}]}},"_links":{"self":[{"href":"https:\/\/designsirin.com\/fr\/wp-json\/wp\/v2\/pages\/497","targetHints":{"allow":["GET"]}}],"collection":[{"href":"https:\/\/designsirin.com\/fr\/wp-json\/wp\/v2\/pages"}],"about":[{"href":"https:\/\/designsirin.com\/fr\/wp-json\/wp\/v2\/types\/page"}],"author":[{"embeddable":true,"href":"https:\/\/designsirin.com\/fr\/wp-json\/wp\/v2\/users\/1"}],"replies":[{"embeddable":true,"href":"https:\/\/designsirin.com\/fr\/wp-json\/wp\/v2\/comments?post=497"}],"version-history":[{"count":2,"href":"https:\/\/designsirin.com\/fr\/wp-json\/wp\/v2\/pages\/497\/revisions"}],"predecessor-version":[{"id":504,"href":"https:\/\/designsirin.com\/fr\/wp-json\/wp\/v2\/pages\/497\/revisions\/504"}],"wp:attachment":[{"href":"https:\/\/designsirin.com\/fr\/wp-json\/wp\/v2\/media?parent=497"}],"curies":[{"name":"wp","href":"https:\/\/api.w.org\/{rel}","templated":true}]}}