{"id":537,"date":"2021-04-09T09:22:51","date_gmt":"2021-04-09T09:22:51","guid":{"rendered":"https:\/\/designsirin.com\/qui-som\/"},"modified":"2024-04-17T08:52:51","modified_gmt":"2024-04-17T08:52:51","slug":"qui-sommes-nous","status":"publish","type":"page","link":"https:\/\/designsirin.com\/fr\/qui-sommes-nous\/","title":{"rendered":"QUI SOMMES NOUS"},"content":{"rendered":"<div class=\"wpb-content-wrapper\"><p>[vc_row][vc_column width=\u00a0\u00bb1\/6&Prime;][\/vc_column][vc_column css_animation=\u00a0\u00bbfadeIn\u00a0\u00bb width=\u00a0\u00bb2\/3&Prime; offset=\u00a0\u00bbvc_hidden-xs\u00a0\u00bb][vc_column_text]<\/p>\n<h2 style=\"text-align: center;\">\u00ab\u00a0La r\u00e9compense d&rsquo;un travail bien fait,<\/h2>\n<h2 style=\"text-align: center;\">c\u2019est l\u2019occasion d\u2019en faire plus\u00a0\u00bb<\/h2>\n<p style=\"text-align: right;\"><strong>Jonas Salk<\/strong><\/p>\n<p>[\/vc_column_text][\/vc_column][vc_column width=\u00a0\u00bb1\/6&Prime;][\/vc_column][\/vc_row][vc_row][vc_column width=\u00a0\u00bb1\/6&Prime;][\/vc_column][vc_column css_animation=\u00a0\u00bbfadeIn\u00a0\u00bb width=\u00a0\u00bb2\/3&Prime; offset=\u00a0\u00bbvc_hidden-lg vc_hidden-md vc_hidden-sm\u00a0\u00bb][vc_column_text]<\/p>\n<h2 style=\"text-align: center;\">\u00ab\u00a0La r\u00e9compense<br \/>\nd&rsquo;un travail bien fait,<\/h2>\n<h2 style=\"text-align: center;\">c\u2019est l\u2019occasion<br \/>\nd\u2019en faire plus\u00a0\u00bb<\/h2>\n<p style=\"text-align: right;\"><strong>Jonas Salk<\/strong><\/p>\n<p>[\/vc_column_text][\/vc_column][vc_column width=\u00a0\u00bb1\/6&Prime;][\/vc_column][\/vc_row][vc_row][vc_column width=\u00a0\u00bb1\/6&Prime;][\/vc_column][vc_column css_animation=\u00a0\u00bbnone\u00a0\u00bb width=\u00a0\u00bb2\/3&Prime;]<style type=\"text\/css\" data-type=\"the7_shortcodes-inline-css\">.shortcode-single-image-wrap.shortcode-single-image-e3a47123795613300985b3cd27a70f9b.enable-bg-rollover .rollover i,\n.shortcode-single-image-wrap.shortcode-single-image-e3a47123795613300985b3cd27a70f9b.enable-bg-rollover .rollover-video i {\n  background: -webkit-linear-gradient();\n  background: linear-gradient();\n}\n.shortcode-single-image-wrap.shortcode-single-image-e3a47123795613300985b3cd27a70f9b .rollover-icon {\n  font-size: 32px;\n  color: #ffffff;\n  min-width: 44px;\n  min-height: 44px;\n  line-height: 44px;\n  border-radius: 100px;\n  border-style: solid;\n  border-width: 0px;\n}\n.dt-icon-bg-on.shortcode-single-image-wrap.shortcode-single-image-e3a47123795613300985b3cd27a70f9b .rollover-icon {\n  background: rgba(255,255,255,0.3);\n  box-shadow: none;\n}<\/style><div class=\"shortcode-single-image-wrap shortcode-single-image-e3a47123795613300985b3cd27a70f9b alignnone  enable-bg-rollover dt-icon-bg-off\" style=\"margin-top:0px; margin-bottom:0px; margin-left:0px; margin-right:0px; width:100px;\"><div class=\"shortcode-single-image\"><div class=\"fancy-media-wrap  layzr-bg\" style=\"\"><img decoding=\"async\" class=\"preload-me lazy-load aspect\" src=\"data:image\/svg+xml,%3Csvg%20xmlns%3D&#39;http%3A%2F%2Fwww.w3.org%2F2000%2Fsvg&#39;%20viewBox%3D&#39;0%200%20100%2020&#39;%2F%3E\" data-src=\"https:\/\/designsirin.com\/wp-content\/uploads\/2021\/04\/DISSENY-ARABE.svg\" data-srcset=\"https:\/\/designsirin.com\/wp-content\/uploads\/2021\/04\/DISSENY-ARABE.svg 100w\" loading=\"eager\" sizes=\"(max-width: 100px) 100vw, 100px\" width=\"100\" height=\"20\"  data-dt-location=\"https:\/\/designsirin.com\/fr\/disseny-arabe\/\" style=\"--ratio: 100 \/ 20;\" alt=\"\" \/><\/div><\/div><\/div>[vc_empty_space][\/vc_column][vc_column width=\u00a0\u00bb1\/6&Prime;][\/vc_column][\/vc_row][vc_row][vc_column][vc_column_text]<\/p>\n<p style=\"text-align: center;\">Chez<span style=\"color: #3dab9e;\"><strong> Designs Sirin<\/strong><\/span> nous sommes experts dans le secteur m\u00e9tallurgique, nous nous sp\u00e9cialisons dans la conception et la fabrication d&rsquo;\u00e9quipements et de composants m\u00e9talliques \u00e0 la fois \u00e0 titre <a href=\"https:\/\/designsirin.com\/fr\/professionnels\/\"><span style=\"color: #3dab9e;\"><strong>professionnel<\/strong> <\/span><\/a>et <a href=\"https:\/\/designsirin.com\/fr\/particuliers\/\"><span style=\"color: #3dab9e;\"><strong>priv\u00e9<\/strong><\/span><\/a>.<\/p>\n<p style=\"text-align: center;\"><span class=\"y2iqfc\"><span lang=\"FR\">Nous travaillons \u00e0 la fois avec de l&rsquo;acier inoxydable et du fer et de l&rsquo;aluminium, en pouvant les combiner si n\u00e9cessaire avec un autre mat\u00e9riau, comme le bois, afin d&rsquo;obtenir le r\u00e9sultat souhait\u00e9 par le client.<\/span><\/span><\/p>\n<p style=\"text-align: center;\">.<\/p>\n<p>[\/vc_column_text][vc_column_text css_animation=\u00a0\u00bbfadeIn\u00a0\u00bb]<\/p>\n<h3 style=\"text-align: center;\">Structures<br \/>\nCh\u00e2ssis<br \/>\nD\u00e9p\u00f4ts<br \/>\nProtections<br \/>\nBancs<br \/>\nPi\u00e8ces pour ensembles<br \/>\nEtc&#8230;<\/h3>\n<p>[\/vc_column_text][vc_column_text]<\/p>\n<p style=\"text-align: center;\"><span class=\"y2iqfc\"><span lang=\"FR\">Gr\u00e2ce \u00e0 notre formation et \u00e0 notre exp\u00e9rience, nous pouvons \u00eatre responsables des projets de mani\u00e8re globale: conception, achat de mat\u00e9riel, fabrication, transport et installation.<\/span><\/span><\/p>\n<p style=\"text-align: center;\">.<\/p>\n<p>[\/vc_column_text][vc_column_text css_animation=\u00a0\u00bbfadeIn\u00a0\u00bb]<\/p>\n<h3 style=\"text-align: center;\">Conception de meubles<br \/>\nEscaliers<br \/>\nRampe d\u2019escaliers<br \/>\nDes portes<br \/>\nCanaux d&rsquo;eau<br \/>\nCl\u00f4tures de jardin<br \/>\nPortails<br \/>\nEtc&#8230;<\/h3>\n<p>[\/vc_column_text][vc_column_text]<\/p>\n<p style=\"text-align: center;\"><span class=\"y2iqfc\"><span lang=\"FR\">Nous pouvons vous aider dans tout projet li\u00e9 aux mat\u00e9riaux avec lesquels nous travaillons.<\/span><\/span><\/p>\n<p style=\"text-align: center;\">Nous nous sp\u00e9cialisons \u00e9galement dans un <a href=\"https:\/\/designsirin.com\/fr\/designs-speciaux\/\"><span style=\"color: #3dab9e;\"><strong>design unique<\/strong><\/span><\/a> qui allie les racines andalouses et la culture nord-africaine qui vous \u00e9merveillera.<\/p>\n<p>[\/vc_column_text][\/vc_column][\/vc_row][vc_row][vc_column width=\u00a0\u00bb1\/6&Prime;][\/vc_column][vc_column css_animation=\u00a0\u00bbnone\u00a0\u00bb width=\u00a0\u00bb2\/3&Prime;]<style type=\"text\/css\" data-type=\"the7_shortcodes-inline-css\">.shortcode-single-image-wrap.shortcode-single-image-e3a47123795613300985b3cd27a70f9b.enable-bg-rollover .rollover i,\n.shortcode-single-image-wrap.shortcode-single-image-e3a47123795613300985b3cd27a70f9b.enable-bg-rollover .rollover-video i {\n  background: -webkit-linear-gradient();\n  background: linear-gradient();\n}\n.shortcode-single-image-wrap.shortcode-single-image-e3a47123795613300985b3cd27a70f9b .rollover-icon {\n  font-size: 32px;\n  color: #ffffff;\n  min-width: 44px;\n  min-height: 44px;\n  line-height: 44px;\n  border-radius: 100px;\n  border-style: solid;\n  border-width: 0px;\n}\n.dt-icon-bg-on.shortcode-single-image-wrap.shortcode-single-image-e3a47123795613300985b3cd27a70f9b .rollover-icon {\n  background: rgba(255,255,255,0.3);\n  box-shadow: none;\n}<\/style><div class=\"shortcode-single-image-wrap shortcode-single-image-e3a47123795613300985b3cd27a70f9b alignnone  enable-bg-rollover dt-icon-bg-off\" style=\"margin-top:0px; margin-bottom:0px; margin-left:0px; margin-right:0px; width:100px;\"><div class=\"shortcode-single-image\"><div class=\"fancy-media-wrap  layzr-bg\" style=\"\"><img decoding=\"async\" class=\"preload-me lazy-load aspect\" src=\"data:image\/svg+xml,%3Csvg%20xmlns%3D&#39;http%3A%2F%2Fwww.w3.org%2F2000%2Fsvg&#39;%20viewBox%3D&#39;0%200%20100%2020&#39;%2F%3E\" data-src=\"https:\/\/designsirin.com\/wp-content\/uploads\/2021\/04\/DISSENY-ARABE.svg\" data-srcset=\"https:\/\/designsirin.com\/wp-content\/uploads\/2021\/04\/DISSENY-ARABE.svg 100w\" loading=\"eager\" sizes=\"(max-width: 100px) 100vw, 100px\" width=\"100\" height=\"20\"  data-dt-location=\"https:\/\/designsirin.com\/fr\/disseny-arabe\/\" style=\"--ratio: 100 \/ 20;\" alt=\"\" \/><\/div><\/div><\/div>[vc_empty_space][\/vc_column][vc_column width=\u00a0\u00bb1\/6&Prime;][\/vc_column][\/vc_row][vc_row][vc_column css_animation=\u00a0\u00bbfadeInLeft\u00a0\u00bb width=\u00a0\u00bb5\/12&Prime;]<style type=\"text\/css\" data-type=\"the7_shortcodes-inline-css\">.shortcode-single-image-wrap.shortcode-single-image-a09e69737d7f821d3f8bcc9a000ca8a1.enable-bg-rollover .rollover i,\n.shortcode-single-image-wrap.shortcode-single-image-a09e69737d7f821d3f8bcc9a000ca8a1.enable-bg-rollover .rollover-video i {\n  background: -webkit-linear-gradient();\n  background: linear-gradient();\n}\n.shortcode-single-image-wrap.shortcode-single-image-a09e69737d7f821d3f8bcc9a000ca8a1 .rollover-icon {\n  font-size: 32px;\n  color: #ffffff;\n  min-width: 44px;\n  min-height: 44px;\n  line-height: 44px;\n  border-radius: 100px;\n  border-style: solid;\n  border-width: 0px;\n}\n.dt-icon-bg-on.shortcode-single-image-wrap.shortcode-single-image-a09e69737d7f821d3f8bcc9a000ca8a1 .rollover-icon {\n  background: rgba(255,255,255,0.3);\n  box-shadow: none;\n}<\/style><div class=\"shortcode-single-image-wrap shortcode-single-image-a09e69737d7f821d3f8bcc9a000ca8a1 alignnone  enable-bg-rollover dt-icon-bg-off\" style=\"margin-top:0px; margin-bottom:0px; margin-left:0px; margin-right:0px; width:1000px;\"><div class=\"shortcode-single-image\"><div class=\"fancy-media-wrap  layzr-bg\" style=\"\"><img fetchpriority=\"high\" decoding=\"async\" class=\"preload-me lazy-load aspect\" src=\"data:image\/svg+xml,%3Csvg%20xmlns%3D&#39;http%3A%2F%2Fwww.w3.org%2F2000%2Fsvg&#39;%20viewBox%3D&#39;0%200%201000%20730&#39;%2F%3E\" data-src=\"https:\/\/designsirin.com\/wp-content\/uploads\/2021\/04\/Soufiane-1000x730.jpg\" data-srcset=\"https:\/\/designsirin.com\/wp-content\/uploads\/2021\/04\/Soufiane-1000x730.jpg 1000w, https:\/\/designsirin.com\/wp-content\/uploads\/2021\/04\/Soufiane-1338x976.jpg 1338w\" loading=\"eager\" sizes=\"(max-width: 1000px) 100vw, 1000px\" width=\"1000\" height=\"730\"  data-dt-location=\"https:\/\/designsirin.com\/fr\/qui-som\/soufiane\/\" style=\"--ratio: 1000 \/ 730;\" alt=\"\" \/><\/div><\/div><\/div>[\/vc_column][vc_column width=\u00a0\u00bb7\/12&Prime;][vc_column_text css=\u00a0\u00bb\u00a0\u00bb]<\/p>\n<h2>Soufian<\/h2>\n<p><span class=\"y2iqfc\"><span lang=\"FR\">Je suis le maximum responsable de ce nouveau projet, mais je suis dans l&rsquo;industrie m\u00e9tallurgique depuis longtemps. Pendant ce temps, j&rsquo;ai pu travailler dans de nombreux aspects du secteur m\u00e9tallurgique<\/span><\/span>.<br \/>\nBureau technique, Shopping, Vente, Entrep\u00f4t, Transport&#8230;<br \/>\nMon d\u00e9sir d&rsquo;apprendre m&rsquo;a amen\u00e9 \u00e0 \u00eatre un professionnel tr\u00e8s polyvalent, et c&rsquo;est ce qui, en plus des lacunes que j&rsquo;ai constat\u00e9es dans l&rsquo;industrie, m&rsquo;a pouss\u00e9 \u00e0 cr\u00e9er <span style=\"color: #3dab9e;\"><strong><span class=\"hiddenSpellError\">Designs<\/span>\u00a0<span class=\"hiddenSpellError\">Sirin<\/span><\/strong><\/span>.[\/vc_column_text][\/vc_column][\/vc_row][vc_row][vc_column width=\u00a0\u00bb1\/6&Prime;][\/vc_column][vc_column css_animation=\u00a0\u00bbnone\u00a0\u00bb width=\u00a0\u00bb2\/3&Prime;]<style type=\"text\/css\" data-type=\"the7_shortcodes-inline-css\">.shortcode-single-image-wrap.shortcode-single-image-e3a47123795613300985b3cd27a70f9b.enable-bg-rollover .rollover i,\n.shortcode-single-image-wrap.shortcode-single-image-e3a47123795613300985b3cd27a70f9b.enable-bg-rollover .rollover-video i {\n  background: -webkit-linear-gradient();\n  background: linear-gradient();\n}\n.shortcode-single-image-wrap.shortcode-single-image-e3a47123795613300985b3cd27a70f9b .rollover-icon {\n  font-size: 32px;\n  color: #ffffff;\n  min-width: 44px;\n  min-height: 44px;\n  line-height: 44px;\n  border-radius: 100px;\n  border-style: solid;\n  border-width: 0px;\n}\n.dt-icon-bg-on.shortcode-single-image-wrap.shortcode-single-image-e3a47123795613300985b3cd27a70f9b .rollover-icon {\n  background: rgba(255,255,255,0.3);\n  box-shadow: none;\n}<\/style><div class=\"shortcode-single-image-wrap shortcode-single-image-e3a47123795613300985b3cd27a70f9b alignnone  enable-bg-rollover dt-icon-bg-off\" style=\"margin-top:0px; margin-bottom:0px; margin-left:0px; margin-right:0px; width:100px;\"><div class=\"shortcode-single-image\"><div class=\"fancy-media-wrap  layzr-bg\" style=\"\"><img decoding=\"async\" class=\"preload-me lazy-load aspect\" src=\"data:image\/svg+xml,%3Csvg%20xmlns%3D&#39;http%3A%2F%2Fwww.w3.org%2F2000%2Fsvg&#39;%20viewBox%3D&#39;0%200%20100%2020&#39;%2F%3E\" data-src=\"https:\/\/designsirin.com\/wp-content\/uploads\/2021\/04\/DISSENY-ARABE.svg\" data-srcset=\"https:\/\/designsirin.com\/wp-content\/uploads\/2021\/04\/DISSENY-ARABE.svg 100w\" loading=\"eager\" sizes=\"(max-width: 100px) 100vw, 100px\" width=\"100\" height=\"20\"  data-dt-location=\"https:\/\/designsirin.com\/fr\/disseny-arabe\/\" style=\"--ratio: 100 \/ 20;\" alt=\"\" \/><\/div><\/div><\/div>[vc_empty_space][\/vc_column][vc_column width=\u00a0\u00bb1\/6&Prime;][\/vc_column][\/vc_row]<\/p>\n<\/div>","protected":false},"excerpt":{"rendered":"<p>[vc_row][vc_column width=\u00a0\u00bb1\/6&Prime;][\/vc_column][vc_column css_animation=\u00a0\u00bbfadeIn\u00a0\u00bb width=\u00a0\u00bb2\/3&Prime; offset=\u00a0\u00bbvc_hidden-xs\u00a0\u00bb][vc_column_text] \u00ab\u00a0La r\u00e9compense d&rsquo;un travail bien fait, c\u2019est l\u2019occasion d\u2019en faire plus\u00a0\u00bb Jonas Salk [\/vc_column_text][\/vc_column][vc_column width=\u00a0\u00bb1\/6&Prime;][\/vc_column][\/vc_row][vc_row][vc_column width=\u00a0\u00bb1\/6&Prime;][\/vc_column][vc_column css_animation=\u00a0\u00bbfadeIn\u00a0\u00bb width=\u00a0\u00bb2\/3&Prime; offset=\u00a0\u00bbvc_hidden-lg vc_hidden-md vc_hidden-sm\u00a0\u00bb][vc_column_text] \u00ab\u00a0La r\u00e9compense d&rsquo;un travail bien fait, c\u2019est l\u2019occasion d\u2019en faire plus\u00a0\u00bb Jonas Salk [\/vc_column_text][\/vc_column][vc_column width=\u00a0\u00bb1\/6&Prime;][\/vc_column][\/vc_row][vc_row][vc_column width=\u00a0\u00bb1\/6&Prime;][\/vc_column][vc_column css_animation=\u00a0\u00bbnone\u00a0\u00bb width=\u00a0\u00bb2\/3&Prime;][vc_empty_space][\/vc_column][vc_column width=\u00a0\u00bb1\/6&Prime;][\/vc_column][\/vc_row][vc_row][vc_column][vc_column_text] Chez Designs Sirin nous sommes experts dans le secteur m\u00e9tallurgique,&hellip;<\/p>\n","protected":false},"author":1,"featured_media":0,"parent":0,"menu_order":0,"comment_status":"closed","ping_status":"closed","template":"","meta":{"footnotes":""},"class_list":["post-537","page","type-page","status-publish","hentry","description-off"],"yoast_head":"<!-- This site is optimized with the Yoast SEO plugin v27.3 - https:\/\/yoast.com\/product\/yoast-seo-wordpress\/ -->\n<title>QUI SOMMES NOUS - Designs Sirin<\/title>\n<meta name=\"robots\" content=\"index, follow, max-snippet:-1, max-image-preview:large, max-video-preview:-1\" \/>\n<link rel=\"canonical\" href=\"https:\/\/designsirin.com\/fr\/qui-sommes-nous\/\" \/>\n<meta property=\"og:locale\" content=\"fr_FR\" \/>\n<meta property=\"og:type\" content=\"article\" \/>\n<meta property=\"og:title\" content=\"QUI SOMMES NOUS - Designs Sirin\" \/>\n<meta property=\"og:description\" content=\"[vc_row][vc_column width=\u00a0\u00bb1\/6&Prime;][\/vc_column][vc_column css_animation=\u00a0\u00bbfadeIn\u00a0\u00bb width=\u00a0\u00bb2\/3&Prime; offset=\u00a0\u00bbvc_hidden-xs\u00a0\u00bb][vc_column_text] \u00ab\u00a0La r\u00e9compense d&rsquo;un travail bien fait, c\u2019est l\u2019occasion d\u2019en faire plus\u00a0\u00bb Jonas Salk [\/vc_column_text][\/vc_column][vc_column width=\u00a0\u00bb1\/6&Prime;][\/vc_column][\/vc_row][vc_row][vc_column width=\u00a0\u00bb1\/6&Prime;][\/vc_column][vc_column css_animation=\u00a0\u00bbfadeIn\u00a0\u00bb width=\u00a0\u00bb2\/3&Prime; offset=\u00a0\u00bbvc_hidden-lg vc_hidden-md vc_hidden-sm\u00a0\u00bb][vc_column_text] \u00ab\u00a0La r\u00e9compense d&rsquo;un travail bien fait, c\u2019est l\u2019occasion d\u2019en faire plus\u00a0\u00bb Jonas Salk [\/vc_column_text][\/vc_column][vc_column width=\u00a0\u00bb1\/6&Prime;][\/vc_column][\/vc_row][vc_row][vc_column width=\u00a0\u00bb1\/6&Prime;][\/vc_column][vc_column css_animation=\u00a0\u00bbnone\u00a0\u00bb width=\u00a0\u00bb2\/3&Prime;][vc_empty_space][\/vc_column][vc_column width=\u00a0\u00bb1\/6&Prime;][\/vc_column][\/vc_row][vc_row][vc_column][vc_column_text] Chez Designs Sirin nous sommes experts dans le secteur m\u00e9tallurgique,&hellip;\" \/>\n<meta property=\"og:url\" content=\"https:\/\/designsirin.com\/fr\/qui-sommes-nous\/\" \/>\n<meta property=\"og:site_name\" content=\"Designs Sirin\" \/>\n<meta property=\"article:modified_time\" content=\"2024-04-17T08:52:51+00:00\" \/>\n<meta name=\"twitter:card\" content=\"summary_large_image\" \/>\n<meta name=\"twitter:label1\" content=\"Dur\u00e9e de lecture estim\u00e9e\" \/>\n\t<meta name=\"twitter:data1\" content=\"2 minutes\" \/>\n<script type=\"application\/ld+json\" class=\"yoast-schema-graph\">{\"@context\":\"https:\\\/\\\/schema.org\",\"@graph\":[{\"@type\":\"WebPage\",\"@id\":\"https:\\\/\\\/designsirin.com\\\/fr\\\/qui-sommes-nous\\\/\",\"url\":\"https:\\\/\\\/designsirin.com\\\/fr\\\/qui-sommes-nous\\\/\",\"name\":\"QUI SOMMES NOUS - Designs Sirin\",\"isPartOf\":{\"@id\":\"https:\\\/\\\/designsirin.com\\\/#website\"},\"datePublished\":\"2021-04-09T09:22:51+00:00\",\"dateModified\":\"2024-04-17T08:52:51+00:00\",\"breadcrumb\":{\"@id\":\"https:\\\/\\\/designsirin.com\\\/fr\\\/qui-sommes-nous\\\/#breadcrumb\"},\"inLanguage\":\"fr-FR\",\"potentialAction\":[{\"@type\":\"ReadAction\",\"target\":[\"https:\\\/\\\/designsirin.com\\\/fr\\\/qui-sommes-nous\\\/\"]}]},{\"@type\":\"BreadcrumbList\",\"@id\":\"https:\\\/\\\/designsirin.com\\\/fr\\\/qui-sommes-nous\\\/#breadcrumb\",\"itemListElement\":[{\"@type\":\"ListItem\",\"position\":1,\"name\":\"Inici\",\"item\":\"https:\\\/\\\/designsirin.com\\\/fr\\\/\"},{\"@type\":\"ListItem\",\"position\":2,\"name\":\"QUI SOMMES NOUS\"}]},{\"@type\":\"WebSite\",\"@id\":\"https:\\\/\\\/designsirin.com\\\/#website\",\"url\":\"https:\\\/\\\/designsirin.com\\\/\",\"name\":\"Designs Sirin\",\"description\":\"Solucions Met&agrave;l&middot;liques\",\"publisher\":{\"@id\":\"https:\\\/\\\/designsirin.com\\\/#organization\"},\"potentialAction\":[{\"@type\":\"SearchAction\",\"target\":{\"@type\":\"EntryPoint\",\"urlTemplate\":\"https:\\\/\\\/designsirin.com\\\/?s={search_term_string}\"},\"query-input\":{\"@type\":\"PropertyValueSpecification\",\"valueRequired\":true,\"valueName\":\"search_term_string\"}}],\"inLanguage\":\"fr-FR\"},{\"@type\":\"Organization\",\"@id\":\"https:\\\/\\\/designsirin.com\\\/#organization\",\"name\":\"Designs Sirin\",\"url\":\"https:\\\/\\\/designsirin.com\\\/\",\"logo\":{\"@type\":\"ImageObject\",\"inLanguage\":\"fr-FR\",\"@id\":\"https:\\\/\\\/designsirin.com\\\/#\\\/schema\\\/logo\\\/image\\\/\",\"url\":\"https:\\\/\\\/designsirin.com\\\/wp-content\\\/uploads\\\/2021\\\/04\\\/LogoSirin_p2.png\",\"contentUrl\":\"https:\\\/\\\/designsirin.com\\\/wp-content\\\/uploads\\\/2021\\\/04\\\/LogoSirin_p2.png\",\"width\":150,\"height\":150,\"caption\":\"Designs Sirin\"},\"image\":{\"@id\":\"https:\\\/\\\/designsirin.com\\\/#\\\/schema\\\/logo\\\/image\\\/\"}}]}<\/script>\n<!-- \/ Yoast SEO plugin. -->","yoast_head_json":{"title":"QUI SOMMES NOUS - Designs Sirin","robots":{"index":"index","follow":"follow","max-snippet":"max-snippet:-1","max-image-preview":"max-image-preview:large","max-video-preview":"max-video-preview:-1"},"canonical":"https:\/\/designsirin.com\/fr\/qui-sommes-nous\/","og_locale":"fr_FR","og_type":"article","og_title":"QUI SOMMES NOUS - Designs Sirin","og_description":"[vc_row][vc_column width=\u00a0\u00bb1\/6&Prime;][\/vc_column][vc_column css_animation=\u00a0\u00bbfadeIn\u00a0\u00bb width=\u00a0\u00bb2\/3&Prime; offset=\u00a0\u00bbvc_hidden-xs\u00a0\u00bb][vc_column_text] \u00ab\u00a0La r\u00e9compense d&rsquo;un travail bien fait, c\u2019est l\u2019occasion d\u2019en faire plus\u00a0\u00bb Jonas Salk [\/vc_column_text][\/vc_column][vc_column width=\u00a0\u00bb1\/6&Prime;][\/vc_column][\/vc_row][vc_row][vc_column width=\u00a0\u00bb1\/6&Prime;][\/vc_column][vc_column css_animation=\u00a0\u00bbfadeIn\u00a0\u00bb width=\u00a0\u00bb2\/3&Prime; offset=\u00a0\u00bbvc_hidden-lg vc_hidden-md vc_hidden-sm\u00a0\u00bb][vc_column_text] \u00ab\u00a0La r\u00e9compense d&rsquo;un travail bien fait, c\u2019est l\u2019occasion d\u2019en faire plus\u00a0\u00bb Jonas Salk [\/vc_column_text][\/vc_column][vc_column width=\u00a0\u00bb1\/6&Prime;][\/vc_column][\/vc_row][vc_row][vc_column width=\u00a0\u00bb1\/6&Prime;][\/vc_column][vc_column css_animation=\u00a0\u00bbnone\u00a0\u00bb width=\u00a0\u00bb2\/3&Prime;][vc_empty_space][\/vc_column][vc_column width=\u00a0\u00bb1\/6&Prime;][\/vc_column][\/vc_row][vc_row][vc_column][vc_column_text] Chez Designs Sirin nous sommes experts dans le secteur m\u00e9tallurgique,&hellip;","og_url":"https:\/\/designsirin.com\/fr\/qui-sommes-nous\/","og_site_name":"Designs Sirin","article_modified_time":"2024-04-17T08:52:51+00:00","twitter_card":"summary_large_image","twitter_misc":{"Dur\u00e9e de lecture estim\u00e9e":"2 minutes"},"schema":{"@context":"https:\/\/schema.org","@graph":[{"@type":"WebPage","@id":"https:\/\/designsirin.com\/fr\/qui-sommes-nous\/","url":"https:\/\/designsirin.com\/fr\/qui-sommes-nous\/","name":"QUI SOMMES NOUS - Designs Sirin","isPartOf":{"@id":"https:\/\/designsirin.com\/#website"},"datePublished":"2021-04-09T09:22:51+00:00","dateModified":"2024-04-17T08:52:51+00:00","breadcrumb":{"@id":"https:\/\/designsirin.com\/fr\/qui-sommes-nous\/#breadcrumb"},"inLanguage":"fr-FR","potentialAction":[{"@type":"ReadAction","target":["https:\/\/designsirin.com\/fr\/qui-sommes-nous\/"]}]},{"@type":"BreadcrumbList","@id":"https:\/\/designsirin.com\/fr\/qui-sommes-nous\/#breadcrumb","itemListElement":[{"@type":"ListItem","position":1,"name":"Inici","item":"https:\/\/designsirin.com\/fr\/"},{"@type":"ListItem","position":2,"name":"QUI SOMMES NOUS"}]},{"@type":"WebSite","@id":"https:\/\/designsirin.com\/#website","url":"https:\/\/designsirin.com\/","name":"Designs Sirin","description":"Solucions Met&agrave;l&middot;liques","publisher":{"@id":"https:\/\/designsirin.com\/#organization"},"potentialAction":[{"@type":"SearchAction","target":{"@type":"EntryPoint","urlTemplate":"https:\/\/designsirin.com\/?s={search_term_string}"},"query-input":{"@type":"PropertyValueSpecification","valueRequired":true,"valueName":"search_term_string"}}],"inLanguage":"fr-FR"},{"@type":"Organization","@id":"https:\/\/designsirin.com\/#organization","name":"Designs Sirin","url":"https:\/\/designsirin.com\/","logo":{"@type":"ImageObject","inLanguage":"fr-FR","@id":"https:\/\/designsirin.com\/#\/schema\/logo\/image\/","url":"https:\/\/designsirin.com\/wp-content\/uploads\/2021\/04\/LogoSirin_p2.png","contentUrl":"https:\/\/designsirin.com\/wp-content\/uploads\/2021\/04\/LogoSirin_p2.png","width":150,"height":150,"caption":"Designs Sirin"},"image":{"@id":"https:\/\/designsirin.com\/#\/schema\/logo\/image\/"}}]}},"_links":{"self":[{"href":"https:\/\/designsirin.com\/fr\/wp-json\/wp\/v2\/pages\/537","targetHints":{"allow":["GET"]}}],"collection":[{"href":"https:\/\/designsirin.com\/fr\/wp-json\/wp\/v2\/pages"}],"about":[{"href":"https:\/\/designsirin.com\/fr\/wp-json\/wp\/v2\/types\/page"}],"author":[{"embeddable":true,"href":"https:\/\/designsirin.com\/fr\/wp-json\/wp\/v2\/users\/1"}],"replies":[{"embeddable":true,"href":"https:\/\/designsirin.com\/fr\/wp-json\/wp\/v2\/comments?post=537"}],"version-history":[{"count":8,"href":"https:\/\/designsirin.com\/fr\/wp-json\/wp\/v2\/pages\/537\/revisions"}],"predecessor-version":[{"id":4611,"href":"https:\/\/designsirin.com\/fr\/wp-json\/wp\/v2\/pages\/537\/revisions\/4611"}],"wp:attachment":[{"href":"https:\/\/designsirin.com\/fr\/wp-json\/wp\/v2\/media?parent=537"}],"curies":[{"name":"wp","href":"https:\/\/api.w.org\/{rel}","templated":true}]}}